{"id":499,"date":"2021-03-05T22:26:31","date_gmt":"2021-03-05T21:26:31","guid":{"rendered":"http:\/\/rustymonde.cz\/?page_id=499"},"modified":"2025-02-11T11:50:58","modified_gmt":"2025-02-11T10:50:58","slug":"vcely","status":"publish","type":"page","link":"https:\/\/rustymonde.com\/?page_id=499","title":{"rendered":"V\u010dely"},"content":{"rendered":"<div class=\"wp-block-image\">\n<figure class=\"alignleft size-large is-resized\"><img fetchpriority=\"high\" fetchpriority=\"high\" decoding=\"async\" width=\"354\" height=\"258\" src=\"http:\/\/rustymonde.cz\/wp-content\/uploads\/2021\/04\/vcely-1.png\" alt=\"\" class=\"wp-image-1973\" style=\"width:117px;height:85px\" srcset=\"https:\/\/rustymonde.com\/wp-content\/uploads\/2021\/04\/vcely-1.png 354w, https:\/\/rustymonde.com\/wp-content\/uploads\/2021\/04\/vcely-1-300x219.png 300w\" sizes=\"(max-width: 354px) 100vw, 354px\" \/><\/figure>\n<\/div>\n\n<div class=\"wp-block-image\">\n<figure class=\"alignright size-full is-resized\"><img decoding=\"async\" width=\"1000\" height=\"750\" src=\"https:\/\/rustymonde.com\/wp-content\/uploads\/2024\/01\/20230910_133703.jpg\" alt=\"\" class=\"wp-image-6279\" style=\"width:312px;height:auto\" srcset=\"https:\/\/rustymonde.com\/wp-content\/uploads\/2024\/01\/20230910_133703.jpg 1000w, https:\/\/rustymonde.com\/wp-content\/uploads\/2024\/01\/20230910_133703-300x225.jpg 300w, https:\/\/rustymonde.com\/wp-content\/uploads\/2024\/01\/20230910_133703-768x576.jpg 768w, https:\/\/rustymonde.com\/wp-content\/uploads\/2024\/01\/20230910_133703-510x382.jpg 510w\" sizes=\"(max-width: 1000px) 100vw, 1000px\" \/><\/figure>\n<\/div>\n\n\n<p>I kdy\u017e je projekt\u016f v tomto odv\u011btv\u00ed p\u0159ipravov\u00e1na cel\u00e1 \u0159ada, p\u0159edev\u0161\u00edm jde o syst\u00e9m um\u00eds\u0165ov\u00e1n\u00ed v\u010del\u00edn\u016f a v\u010delstev do nejr\u016fzn\u011bj\u0161\u00edch oblast\u00ed v na\u0161em okol\u00ed. Nejde ale pouze o um\u00eds\u0165ov\u00e1n\u00ed samotn\u00fdch v\u010delstev, ale tak\u00e9 o samotnou v\u00fdsadbu luk, strom\u016f a ke\u0159\u016f do m\u00edst, kde p\u0159evl\u00e1d\u00e1, a\u0165 u\u017e beton \u010di konkr\u00e9tn\u00ed monokulturn\u00ed plodiny. Takov\u00e1 v\u00fdsadba a kultivace pak nem\u00e1 za c\u00edl slou\u017eit pouze v\u010del\u00e1m, ale tak\u00e9 ostatn\u00edmu hmyzu a dal\u0161\u00edm form\u00e1m \u017eivota \u010dlov\u011bka nevyj\u00edmaje. V tomto konkr\u00e9tn\u00edm p\u0159\u00edpad\u011b je pak c\u00edlem samotn\u00e1 kultivace a obohacen\u00ed na\u0161eho okol\u00ed, nikoliv v \u017e\u00e1dn\u00e9m p\u0159\u00edpad\u011b produkce medu.<\/p>\n\n\n\n<p>I v tomto p\u0159\u00edpad\u011b budeme r\u00e1di, pokud bude kdokoliv v\u011bd\u011bt o vhodn\u00e9m prostoru, pozemku atp., kter\u00fd by byl ochoten n\u011bkdo poskytnout \u010di prodat RM, pokud n\u00e1m d\u00e1 v\u011bd\u011bt.<\/p>\n\n\n\n<ul class=\"wp-block-list\">\n<li>Facebook:<a href=\"https:\/\/www.facebook.com\/RM-V%C4%8Dely-102833185223659\"><strong> RM &#8211; V\u010dely<\/strong><\/a><\/li>\n<\/ul>\n\n\n<div class=\"pgc-sgb-cb wp-block-pgcsimplygalleryblock-masonry \" data-gallery-id=\"e0eb00a8_1617293790689\"><div class=\"sgb-preloader\" id=\"pr_e0eb00a8_1617293790689\">\n\t<div class=\"sgb-square\" style=\"background:#d4d4d4\"><\/div>\n\t<div class=\"sgb-square\" style=\"background:#d4d4d4\"><\/div>\n\t<div class=\"sgb-square\" style=\"background:#d4d4d4\"><\/div>\n\t<div class=\"sgb-square\" style=\"background:#d4d4d4\"><\/div><\/div><div class=\"simply-gallery-amp pgc_sgb_slider \"><noscript><div class=\"sgb-gallery\"><div class=\"sgb-item\"><a href=\"https:\/\/rustymonde.com\/?attachment_id=6003\" target=\"_blank\"><img loading=\"lazy\" loading=\"lazy\" decoding=\"async\" alt=\"\" width=\"212\" height=\"300\" loading=\"lazy\" src=\"https:\/\/rustymonde.com\/wp-content\/uploads\/2023\/08\/opylareni-212x300.jpg\" srcset=\"https:\/\/rustymonde.com\/wp-content\/uploads\/2023\/08\/opylareni-212x300.jpg 212w,https:\/\/rustymonde.com\/wp-content\/uploads\/2023\/08\/opylareni-724x1024.jpg 724w,https:\/\/rustymonde.com\/wp-content\/uploads\/2023\/08\/opylareni.jpg 1131w\" sizes=\"250px\"\/><\/a><\/div><div class=\"sgb-item\"><a href=\"https:\/\/rustymonde.com\/?attachment_id=5990\" target=\"_blank\"><img loading=\"lazy\" loading=\"lazy\" decoding=\"async\" alt=\"\" width=\"225\" height=\"300\" loading=\"lazy\" src=\"https:\/\/rustymonde.com\/wp-content\/uploads\/2023\/08\/1-225x300.jpg\" srcset=\"https:\/\/rustymonde.com\/wp-content\/uploads\/2023\/08\/1-225x300.jpg 225w,https:\/\/rustymonde.com\/wp-content\/uploads\/2023\/08\/1.jpg 600w\" sizes=\"250px\"\/><\/a><\/div><div class=\"sgb-item\"><a href=\"https:\/\/rustymonde.com\/?attachment_id=5991\" target=\"_blank\"><img loading=\"lazy\" loading=\"lazy\" decoding=\"async\" alt=\"\" width=\"225\" height=\"300\" loading=\"lazy\" src=\"https:\/\/rustymonde.com\/wp-content\/uploads\/2023\/08\/2-225x300.jpg\" srcset=\"https:\/\/rustymonde.com\/wp-content\/uploads\/2023\/08\/2-225x300.jpg 225w,https:\/\/rustymonde.com\/wp-content\/uploads\/2023\/08\/2.jpg 600w\" sizes=\"250px\"\/><\/a><\/div><div class=\"sgb-item\"><a href=\"https:\/\/rustymonde.com\/?attachment_id=5992\" target=\"_blank\"><img loading=\"lazy\" loading=\"lazy\" decoding=\"async\" alt=\"\" width=\"225\" height=\"300\" loading=\"lazy\" src=\"https:\/\/rustymonde.com\/wp-content\/uploads\/2023\/08\/3-225x300.jpg\" srcset=\"https:\/\/rustymonde.com\/wp-content\/uploads\/2023\/08\/3-225x300.jpg 225w,https:\/\/rustymonde.com\/wp-content\/uploads\/2023\/08\/3.jpg 600w\" sizes=\"250px\"\/><\/a><\/div><div class=\"sgb-item\"><a href=\"https:\/\/rustymonde.com\/?attachment_id=5993\" target=\"_blank\"><img loading=\"lazy\" loading=\"lazy\" decoding=\"async\" alt=\"\" width=\"300\" height=\"225\" loading=\"lazy\" src=\"https:\/\/rustymonde.com\/wp-content\/uploads\/2023\/08\/4-300x225.jpg\" srcset=\"https:\/\/rustymonde.com\/wp-content\/uploads\/2023\/08\/4-300x225.jpg 300w,https:\/\/rustymonde.com\/wp-content\/uploads\/2023\/08\/4.jpg 1000w\" sizes=\"250px\"\/><\/a><\/div><div class=\"sgb-item\"><a href=\"https:\/\/rustymonde.com\/?attachment_id=6279\" target=\"_blank\"><img loading=\"lazy\" loading=\"lazy\" decoding=\"async\" alt=\"\" width=\"300\" height=\"225\" loading=\"lazy\" src=\"https:\/\/rustymonde.com\/wp-content\/uploads\/2024\/01\/20230910_133703-300x225.jpg\" srcset=\"https:\/\/rustymonde.com\/wp-content\/uploads\/2024\/01\/20230910_133703-300x225.jpg 300w,https:\/\/rustymonde.com\/wp-content\/uploads\/2024\/01\/20230910_133703.jpg 1000w\" sizes=\"250px\"\/><\/a><\/div><div class=\"sgb-item\"><a href=\"https:\/\/rustymonde.com\/?attachment_id=5994\" target=\"_blank\"><img loading=\"lazy\" loading=\"lazy\" decoding=\"async\" alt=\"\" width=\"224\" height=\"300\" loading=\"lazy\" src=\"https:\/\/rustymonde.com\/wp-content\/uploads\/2023\/08\/5-224x300.jpg\" srcset=\"https:\/\/rustymonde.com\/wp-content\/uploads\/2023\/08\/5-224x300.jpg 224w,https:\/\/rustymonde.com\/wp-content\/uploads\/2023\/08\/5.jpg 597w\" sizes=\"250px\"\/><\/a><\/div><\/div><\/noscript><\/div><script type=\"application\/json\" class=\"sgb-data\">{\"externalLinkFontSize\":15,\"captionHAlign\":\"bottom\",\"collectionThumbSubMenuDownload\":false,\"collectionThumbSubMenuShare\":false,\"galleryType\":\"pgc_sgb_masonry\",\"galleryId\":\"e0eb00a8_1617293790689\",\"images\":[{\"id\":6003,\"title\":\"opylareni\",\"url\":\"https:\/\/rustymonde.com\/wp-content\/uploads\/2023\/08\/opylareni.jpg\",\"link\":\"https:\/\/rustymonde.com\/?attachment_id=6003\",\"alt\":\"\",\"description\":\"\",\"caption\":\"\",\"mime\":\"image\/jpeg\",\"type\":\"image\",\"width\":1131,\"height\":1600,\"sizes\":{\"thumbnail\":{\"height\":150,\"width\":150,\"url\":\"https:\/\/rustymonde.com\/wp-content\/uploads\/2023\/08\/opylareni-150x150.jpg\",\"orientation\":\"landscape\"},\"medium\":{\"height\":300,\"width\":212,\"url\":\"https:\/\/rustymonde.com\/wp-content\/uploads\/2023\/08\/opylareni-212x300.jpg\",\"orientation\":\"portrait\"},\"large\":{\"height\":1024,\"width\":724,\"url\":\"https:\/\/rustymonde.com\/wp-content\/uploads\/2023\/08\/opylareni-724x1024.jpg\",\"orientation\":\"portrait\"},\"full\":{\"url\":\"https:\/\/rustymonde.com\/wp-content\/uploads\/2023\/08\/opylareni.jpg\",\"height\":1600,\"width\":1131,\"orientation\":\"portrait\"}},\"imageMeta\":{\"aperture\":\"0\",\"credit\":\"\",\"camera\":\"\",\"caption\":\"\",\"created_timestamp\":\"0\",\"copyright\":\"\",\"focal_length\":\"0\",\"iso\":\"0\",\"shutter_speed\":\"0\",\"title\":\"\",\"orientation\":\"0\",\"keywords\":[]},\"meta\":false,\"postlink\":\"https:\/\/rustymonde.com\/?attachment_id=6003\"},{\"id\":5990,\"title\":\"1\",\"url\":\"https:\/\/rustymonde.com\/wp-content\/uploads\/2023\/08\/1.jpg\",\"link\":\"https:\/\/rustymonde.com\/?attachment_id=5990\",\"alt\":\"\",\"description\":\"\",\"caption\":\"\",\"mime\":\"image\/jpeg\",\"type\":\"image\",\"width\":600,\"height\":800,\"sizes\":{\"thumbnail\":{\"height\":150,\"width\":150,\"url\":\"https:\/\/rustymonde.com\/wp-content\/uploads\/2023\/08\/1-150x150.jpg\",\"orientation\":\"landscape\"},\"medium\":{\"height\":300,\"width\":225,\"url\":\"https:\/\/rustymonde.com\/wp-content\/uploads\/2023\/08\/1-225x300.jpg\",\"orientation\":\"portrait\"},\"full\":{\"url\":\"https:\/\/rustymonde.com\/wp-content\/uploads\/2023\/08\/1.jpg\",\"height\":800,\"width\":600,\"orientation\":\"portrait\"}},\"imageMeta\":{\"aperture\":\"2.4\",\"credit\":\"\",\"camera\":\"SM-G960F\",\"caption\":\"\",\"created_timestamp\":\"1686757776\",\"copyright\":\"\",\"focal_length\":\"4.3\",\"iso\":\"50\",\"shutter_speed\":\"0.00088809946714032\",\"title\":\"\",\"orientation\":\"1\",\"keywords\":[]},\"meta\":false,\"postlink\":\"https:\/\/rustymonde.com\/?attachment_id=5990\"},{\"id\":5991,\"title\":\"2\",\"url\":\"https:\/\/rustymonde.com\/wp-content\/uploads\/2023\/08\/2.jpg\",\"link\":\"https:\/\/rustymonde.com\/?attachment_id=5991\",\"alt\":\"\",\"description\":\"\",\"caption\":\"\",\"mime\":\"image\/jpeg\",\"type\":\"image\",\"width\":600,\"height\":800,\"sizes\":{\"thumbnail\":{\"height\":150,\"width\":150,\"url\":\"https:\/\/rustymonde.com\/wp-content\/uploads\/2023\/08\/2-150x150.jpg\",\"orientation\":\"landscape\"},\"medium\":{\"height\":300,\"width\":225,\"url\":\"https:\/\/rustymonde.com\/wp-content\/uploads\/2023\/08\/2-225x300.jpg\",\"orientation\":\"portrait\"},\"full\":{\"url\":\"https:\/\/rustymonde.com\/wp-content\/uploads\/2023\/08\/2.jpg\",\"height\":800,\"width\":600,\"orientation\":\"portrait\"}},\"imageMeta\":{\"aperture\":\"2.4\",\"credit\":\"\",\"camera\":\"SM-G960F\",\"caption\":\"\",\"created_timestamp\":\"1686757810\",\"copyright\":\"\",\"focal_length\":\"4.3\",\"iso\":\"50\",\"shutter_speed\":\"0.0014684287812041\",\"title\":\"\",\"orientation\":\"1\",\"keywords\":[]},\"meta\":false,\"postlink\":\"https:\/\/rustymonde.com\/?attachment_id=5991\"},{\"id\":5992,\"title\":\"3\",\"url\":\"https:\/\/rustymonde.com\/wp-content\/uploads\/2023\/08\/3.jpg\",\"link\":\"https:\/\/rustymonde.com\/?attachment_id=5992\",\"alt\":\"\",\"description\":\"\",\"caption\":\"\",\"mime\":\"image\/jpeg\",\"type\":\"image\",\"width\":600,\"height\":800,\"sizes\":{\"thumbnail\":{\"height\":150,\"width\":150,\"url\":\"https:\/\/rustymonde.com\/wp-content\/uploads\/2023\/08\/3-150x150.jpg\",\"orientation\":\"landscape\"},\"medium\":{\"height\":300,\"width\":225,\"url\":\"https:\/\/rustymonde.com\/wp-content\/uploads\/2023\/08\/3-225x300.jpg\",\"orientation\":\"portrait\"},\"full\":{\"url\":\"https:\/\/rustymonde.com\/wp-content\/uploads\/2023\/08\/3.jpg\",\"height\":800,\"width\":600,\"orientation\":\"portrait\"}},\"imageMeta\":{\"aperture\":\"2.4\",\"credit\":\"\",\"camera\":\"SM-G960F\",\"caption\":\"\",\"created_timestamp\":\"1693328314\",\"copyright\":\"\",\"focal_length\":\"4.3\",\"iso\":\"50\",\"shutter_speed\":\"0.02\",\"title\":\"\",\"orientation\":\"1\",\"keywords\":[]},\"meta\":false,\"postlink\":\"https:\/\/rustymonde.com\/?attachment_id=5992\"},{\"id\":5993,\"title\":\"4\",\"url\":\"https:\/\/rustymonde.com\/wp-content\/uploads\/2023\/08\/4.jpg\",\"link\":\"https:\/\/rustymonde.com\/?attachment_id=5993\",\"alt\":\"\",\"description\":\"\",\"caption\":\"\",\"mime\":\"image\/jpeg\",\"type\":\"image\",\"width\":1000,\"height\":750,\"sizes\":{\"thumbnail\":{\"height\":150,\"width\":150,\"url\":\"https:\/\/rustymonde.com\/wp-content\/uploads\/2023\/08\/4-150x150.jpg\",\"orientation\":\"landscape\"},\"medium\":{\"height\":225,\"width\":300,\"url\":\"https:\/\/rustymonde.com\/wp-content\/uploads\/2023\/08\/4-300x225.jpg\",\"orientation\":\"landscape\"},\"full\":{\"url\":\"https:\/\/rustymonde.com\/wp-content\/uploads\/2023\/08\/4.jpg\",\"height\":750,\"width\":1000,\"orientation\":\"landscape\"}},\"imageMeta\":{\"aperture\":\"2.4\",\"credit\":\"\",\"camera\":\"SM-G960F\",\"caption\":\"\",\"created_timestamp\":\"1693328080\",\"copyright\":\"\",\"focal_length\":\"4.3\",\"iso\":\"125\",\"shutter_speed\":\"0.02\",\"title\":\"\",\"orientation\":\"1\",\"keywords\":[]},\"meta\":false,\"postlink\":\"https:\/\/rustymonde.com\/?attachment_id=5993\"},{\"id\":6279,\"title\":\"20230910_133703\",\"url\":\"https:\/\/rustymonde.com\/wp-content\/uploads\/2024\/01\/20230910_133703.jpg\",\"link\":\"https:\/\/rustymonde.com\/?attachment_id=6279\",\"alt\":\"\",\"description\":\"\",\"caption\":\"\",\"mime\":\"image\/jpeg\",\"type\":\"image\",\"width\":1000,\"height\":750,\"sizes\":{\"thumbnail\":{\"height\":150,\"width\":150,\"url\":\"https:\/\/rustymonde.com\/wp-content\/uploads\/2024\/01\/20230910_133703-150x150.jpg\",\"orientation\":\"landscape\"},\"medium\":{\"height\":225,\"width\":300,\"url\":\"https:\/\/rustymonde.com\/wp-content\/uploads\/2024\/01\/20230910_133703-300x225.jpg\",\"orientation\":\"landscape\"},\"full\":{\"url\":\"https:\/\/rustymonde.com\/wp-content\/uploads\/2024\/01\/20230910_133703.jpg\",\"height\":750,\"width\":1000,\"orientation\":\"landscape\"}},\"imageMeta\":{\"aperture\":\"2.4\",\"credit\":\"\",\"camera\":\"SM-G960F\",\"caption\":\"\",\"created_timestamp\":\"1694353023\",\"copyright\":\"\",\"focal_length\":\"4.3\",\"iso\":\"50\",\"shutter_speed\":\"0.0012755102040816\",\"title\":\"\",\"orientation\":\"1\",\"keywords\":[]},\"meta\":false,\"postlink\":\"https:\/\/rustymonde.com\/?attachment_id=6279\"},{\"id\":5994,\"title\":\"5\",\"url\":\"https:\/\/rustymonde.com\/wp-content\/uploads\/2023\/08\/5.jpg\",\"link\":\"https:\/\/rustymonde.com\/?attachment_id=5994\",\"alt\":\"\",\"description\":\"\",\"caption\":\"\",\"mime\":\"image\/jpeg\",\"type\":\"image\",\"width\":597,\"height\":800,\"sizes\":{\"thumbnail\":{\"height\":150,\"width\":150,\"url\":\"https:\/\/rustymonde.com\/wp-content\/uploads\/2023\/08\/5-150x150.jpg\",\"orientation\":\"landscape\"},\"medium\":{\"height\":300,\"width\":224,\"url\":\"https:\/\/rustymonde.com\/wp-content\/uploads\/2023\/08\/5-224x300.jpg\",\"orientation\":\"portrait\"},\"full\":{\"url\":\"https:\/\/rustymonde.com\/wp-content\/uploads\/2023\/08\/5.jpg\",\"height\":800,\"width\":597,\"orientation\":\"portrait\"}},\"imageMeta\":{\"aperture\":\"2.4\",\"credit\":\"\",\"camera\":\"SM-G960F\",\"caption\":\"\",\"created_timestamp\":\"1693328112\",\"copyright\":\"\",\"focal_length\":\"4.3\",\"iso\":\"125\",\"shutter_speed\":\"0.02\",\"title\":\"\",\"orientation\":\"1\",\"keywords\":[]},\"meta\":false,\"postlink\":\"https:\/\/rustymonde.com\/?attachment_id=5994\"}],\"galleryData\":\"{\\u0022copyRProtection\\u0022:false,\\u0022copyRAlert\\u0022:\\u0022Hello, this photo is mine!\\u0022,\\u0022sliderScrollNavi\\u0022:false,\\u0022sliderNextPrevAnimation\\u0022:\\u0022animation\\u0022,\\u0022galleryScrollPositionControll\\u0022:false,\\u0022sliderVideoAutoPlay\\u0022:false,\\u0022sliderVideoLoop\\u0022:false,\\u0022sliderItemCounterEnable\\u0022:true,\\u0022sliderCaptionSrc\\u0022:\\u0022caption\\u0022,\\u0022sliderItemTitleEnable\\u0022:false,\\u0022sliderItemTitleFontSize\\u0022:18,\\u0022sliderItemTitleTextColor\\u0022:\\u0022rgba(255,255,255,1)\\u0022,\\u0022itemCounterColor\\u0022:\\u0022rgba(255,255,255,1)\\u0022,\\u0022sliderThumbBarEnable\\u0022:true,\\u0022sliderThumbBarHoverColor\\u0022:\\u0022rgba(240,240,240,1)\\u0022,\\u0022sliderBgColor\\u0022:\\u0022rgba(0,0,0,0.8)\\u0022,\\u0022sliderPreloaderColor\\u0022:\\u0022rgba(240,240,240,1)\\u0022,\\u0022sliderHeaderFooterBgColor\\u0022:\\u0022rgba(0,0,0,0.4)\\u0022,\\u0022sliderNavigationColor\\u0022:\\u0022rgba(0,0,0,1)\\u0022,\\u0022sliderNavigationColorOver\\u0022:\\u0022rgba(255,255,255,1)\\u0022,\\u0022sliderNavigationIconColor\\u0022:\\u0022rgba(255,255,255,1)\\u0022,\\u0022sliderNavigationIconColorOver\\u0022:\\u0022rgba(0,0,0,1)\\u0022,\\u0022sliderSlideshow\\u0022:true,\\u0022sliderSlideshowDelay\\u0022:8,\\u0022slideshowIndicatorColor\\u0022:\\u0022rgba(255,255,255,1)\\u0022,\\u0022slideshowIndicatorColorBg\\u0022:\\u0022rgba(255,255,255,0.5)\\u0022,\\u0022sliderThumbSubMenuBackgroundColor\\u0022:\\u0022rgba(255,255,255,0)\\u0022,\\u0022sliderThumbSubMenuBackgroundColorOver\\u0022:\\u0022rgba(255,255,255,1)\\u0022,\\u0022sliderThumbSubMenuIconColor\\u0022:\\u0022rgba(255,255,255,1)\\u0022,\\u0022sliderThumbSubMenuIconHoverColor\\u0022:\\u0022rgba(0,0,0,1)\\u0022,\\u0022sliderSocialShareEnabled\\u0022:true,\\u0022sliderZoomEnable\\u0022:true,\\u0022sliderFullscreenEnabled\\u0022:true,\\u0022modaBgColor\\u0022:\\u0022rgba(0,0,0,0.8)\\u0022,\\u0022modalIconColor\\u0022:\\u0022rgba(255,255,255,1)\\u0022,\\u0022modalIconColorHover\\u0022:\\u0022rgba(255,255,255,0.8)\\u0022,\\u0022shareFacebook\\u0022:true,\\u0022shareTwitter\\u0022:true,\\u0022sharePinterest\\u0022:true,\\u0022sliderItemDownload\\u0022:true,\\u0022shareCopyLink\\u0022:true,\\u0022sharePost\\u0022:\\u0022sharelink\\u0022,\\u0022tagsFilter\\u0022:false,\\u0022tagCloudAll\\u0022:\\u0022All\\u0022,\\u0022tagCloudBgColor\\u0022:\\u0022rgba(153,153,153,1)\\u0022,\\u0022tagCloudBgColorOver\\u0022:\\u0022rgba(253,253,253,1)\\u0022,\\u0022tagCloudTextColor\\u0022:\\u0022rgba(253,253,253,1)\\u0022,\\u0022tagCloudTextColorOver\\u0022:\\u0022rgba(153,153,153,1)\\u0022,\\u0022tagCloudFontSize\\u0022:16,\\u0022deepLinking\\u0022:false,\\u0022useLightbox\\u0022:true,\\u0022thumbClickAction\\u0022:\\u0022useLightbox\\u0022,\\u0022numItemsDisplayed\\u0022:0,\\u0022lazyLoading\\u0022:true,\\u0022contentNoPadding\\u0022:false,\\u0022galleryPreloaderColor\\u0022:\\u0022rgba(230,230,230,1)\\u0022,\\u0022galleryBgColor\\u0022:\\u0022rgba(0,0,0,0)\\u0022,\\u0022galleryBorderRadius\\u0022:0,\\u0022customCSS\\u0022:\\u0022\\u0022,\\u0022collectionColumns\\u0022:3,\\u0022collectionThumbRecomendedWidth\\u0022:200,\\u0022thumbSpacing\\u0022:5,\\u0022externalLink\\u0022:true,\\u0022externalLinkDefName\\u0022:\\u0022Read More\\u0022,\\u0022externalLinkTextColor\\u0022:\\u0022rgba(0,0,0,1)\\u0022,\\u0022externalLinkBgColor\\u0022:\\u0022rgba(255,255,255,1)\\u0022,\\u0022externalLinkFontSize\\u0022:15,\\u0022captions\\u0022:true,\\u0022captionSrc\\u0022:\\u0022caption\\u0022,\\u0022captionHAlign\\u0022:\\u0022bottom\\u0022,\\u0022collectionthumbHoverTitleFontSize\\u0022:18,\\u0022collectionthumbRoundedCorners\\u0022:0,\\u0022collectionthumbHoverTitleTextColor\\u0022:\\u0022rgba(255,255,255,1)\\u0022,\\u0022collectionthumbHoverTitleTextBgColor\\u0022:\\u0022rgba(0,0,0,0.8)\\u0022,\\u0022collectionthumbHoverBgColor\\u0022:\\u0022rgba(0,0,0,0.4)\\u0022,\\u0022collectionThumbSubMenuDownload\\u0022:false,\\u0022collectionThumbSubMenuShare\\u0022:false,\\u0022collectionThumbSubMenuBgColor\\u0022:\\u0022rgba(0,0,0,0.4)\\u0022,\\u0022collectionThumbSubMenuBgColorHover\\u0022:\\u0022rgba(255,255,255,1)\\u0022,\\u0022collectionThumbSubMenuIconColor\\u0022:\\u0022rgba(255,255,255,1)\\u0022,\\u0022collectionThumbSubMenuIconColorHover\\u0022:\\u0022rgba(0,0,0,1)\\u0022,\\u0022galleryType\\u0022:\\u0022pgc_sgb_masonry\\u0022,\\u0022align\\u0022:\\u0022\\u0022,\\u0022galleryId\\u0022:\\u0022e0eb00a8_1617293790689\\u0022,\\u0022tagsListCustomMode\\u0022:false,\\u0022initGalleryByFirstTag\\u0022:false,\\u0022deepLinkingForTag\\u0022:false,\\u0022galleryTagsList\\u0022:[],\\u0022useClobalSettings\\u0022:false,\\u0022orderBy\\u0022:\\u0022custom\\u0022,\\u0022settingsModalIsOpen\\u0022:false,\\u0022skin\\u0022:\\u0022masonry\\u0022}\",\"pll_lang\":\"\",\"itemsMetaDataCollection\":[]}<\/script><script>(function(){if(window.PGC_SGB && window.PGC_SGB.searcher){window.PGC_SGB.searcher.initBlocks()}})()<\/script><\/div>\n\n\n<p class=\"has-neve-text-color-color has-text-color\"><a href=\"https:\/\/www.facebook.com\/RM-V%C4%8Dely-102833185223659\" data-type=\"URL\" data-id=\"https:\/\/www.facebook.com\/RM-V%C4%8Dely-102833185223659\"><strong><span class=\"has-inline-color has-neve-link-color-color\"><\/span><\/strong><\/a><\/p>\n","protected":false},"excerpt":{"rendered":"<p>I kdy\u017e je projekt\u016f v tomto odv\u011btv\u00ed p\u0159ipravov\u00e1na cel\u00e1 \u0159ada, p\u0159edev\u0161\u00edm jde o syst\u00e9m um\u00eds\u0165ov\u00e1n\u00ed v\u010del\u00edn\u016f a v\u010delstev do nejr\u016fzn\u011bj\u0161\u00edch oblast\u00ed v na\u0161em okol\u00ed. Nejde ale pouze o um\u00eds\u0165ov\u00e1n\u00ed samotn\u00fdch v\u010delstev, ale tak\u00e9 o samotnou v\u00fdsadbu luk, strom\u016f a ke\u0159\u016f do m\u00edst, kde p\u0159evl\u00e1d\u00e1, a\u0165 u\u017e beton \u010di konkr\u00e9tn\u00ed monokulturn\u00ed plodiny. Takov\u00e1 v\u00fdsadba a kultivace&hellip;&nbsp;<a href=\"https:\/\/rustymonde.com\/?page_id=499\" rel=\"bookmark\">\u010c\u00edst d\u00e1le &raquo;<span class=\"screen-reader-text\">V\u010dely<\/span><\/a><\/p>\n","protected":false},"author":1,"featured_media":0,"parent":0,"menu_order":10,"comment_status":"closed","ping_status":"closed","template":"","meta":{"_et_pb_use_builder":"","_et_pb_old_content":"","_et_gb_content_width":"","neve_meta_sidebar":"full-width","neve_meta_container":"","neve_meta_enable_content_width":"on","neve_meta_content_width":100,"neve_meta_title_alignment":"","neve_meta_author_avatar":"","neve_post_elements_order":"","neve_meta_disable_header":"","neve_meta_disable_footer":"","neve_meta_disable_title":"","pgc_sgb_lightbox_settings":"","footnotes":""},"class_list":["post-499","page","type-page","status-publish","hentry"],"lang":"cs","translations":{"fr":3325,"cs":499},"pll_sync_post":[],"_links":{"self":[{"href":"https:\/\/rustymonde.com\/index.php?rest_route=\/wp\/v2\/pages\/499","targetHints":{"allow":["GET"]}}],"collection":[{"href":"https:\/\/rustymonde.com\/index.php?rest_route=\/wp\/v2\/pages"}],"about":[{"href":"https:\/\/rustymonde.com\/index.php?rest_route=\/wp\/v2\/types\/page"}],"author":[{"embeddable":true,"href":"https:\/\/rustymonde.com\/index.php?rest_route=\/wp\/v2\/users\/1"}],"replies":[{"embeddable":true,"href":"https:\/\/rustymonde.com\/index.php?rest_route=%2Fwp%2Fv2%2Fcomments&post=499"}],"version-history":[{"count":25,"href":"https:\/\/rustymonde.com\/index.php?rest_route=\/wp\/v2\/pages\/499\/revisions"}],"predecessor-version":[{"id":6561,"href":"https:\/\/rustymonde.com\/index.php?rest_route=\/wp\/v2\/pages\/499\/revisions\/6561"}],"wp:attachment":[{"href":"https:\/\/rustymonde.com\/index.php?rest_route=%2Fwp%2Fv2%2Fmedia&parent=499"}],"curies":[{"name":"wp","href":"https:\/\/api.w.org\/{rel}","templated":true}]}}