{"id":42,"date":"2021-02-21T21:36:45","date_gmt":"2021-02-21T20:36:45","guid":{"rendered":"http:\/\/rustymonde.cz\/?page_id=42"},"modified":"2025-06-27T17:09:04","modified_gmt":"2025-06-27T15:09:04","slug":"podminky-spoluprace","status":"publish","type":"page","link":"https:\/\/rustymonde.com\/?page_id=42","title":{"rendered":"Podm\u00ednky spolupr\u00e1ce"},"content":{"rendered":"\n<p>\u010casto jsem v p\u0159ede\u0161l\u00fdch textech mluvil o ur\u010dit\u00fdch podm\u00ednk\u00e1ch a d\u016fle\u017eitosti jejich spln\u011bn\u00ed. Nicm\u00e9n\u011b principy fungov\u00e1n\u00ed a cel\u00e9 podstaty RM a m\u00e9 pr\u00e1ce podl\u00e9haj\u00ed cel\u00e9 \u0159ad\u011b souvislost\u00ed, princip\u016f a z\u00e1konitost\u00ed. V \u017e\u00e1dn\u00e9m p\u0159\u00edpad\u011b tedy nemohu obs\u00e1hnout tyto z\u00e1konitosti a podm\u00ednky v r\u00e1mci t\u00e9to \u201ekapitoly\u201c. Ov\u0161em jednou ze z\u00e1sadn\u00edch a z\u00e1kladn\u00edch podm\u00ednek jak\u00e9koliv spolupr\u00e1ce \u010di interakce s RM, je v p\u0159\u00edpad\u011b takov\u00e9ho z\u00e1jmu p\u0159edev\u0161\u00edm smysluplnost a opodstatn\u011bn\u00ed takov\u00e9ho jedn\u00e1n\u00ed.&nbsp;Pokud by se o takov\u00fdch i jin\u00fdch podm\u00ednk\u00e1ch a principech cht\u011bl \u010dlov\u011bk dozv\u011bd\u011bt v\u00edce, a n\u00e1sledn\u011b je naplnit tak, aby ke spolupr\u00e1ci \u010di interakci mohlo doch\u00e1zet, existuje mo\u017enost, jak se o takov\u00fdch podm\u00ednk\u00e1ch dozv\u011bd\u011bt.<\/p>\n\n\n\n<p>Proto\u017ee je ov\u0161em podstata vzniku RM a poskytov\u00e1n\u00ed n\u00e1sledn\u00fdch slu\u017eeb velice komplexn\u00ed a v prvn\u00ed \u0159ad\u011b v\u017edy mus\u00ed vych\u00e1zet z princip\u016f p\u0159\u00edrody, nen\u00ed jednoduch\u00e9 takov\u00e9 principy vysv\u011btlit slovy, nato\u017e je obs\u00e1hnout v n\u011bjak\u00e9m textu. Nicm\u00e9n\u011b ur\u010dit\u00fd dokument textov\u00e9 formy p\u0159eci jenom existuje.<\/p>\n\n\n\n<p>Je to (\u201esamizdatov\u00fd\u201c) dokument\/manu\u00e1l, kter\u00fd je vytvo\u0159en p\u0159esn\u011b pro tyto \u00fa\u010dely, tedy pro \u00fa\u010dely toho, kdy\u017e n\u011bkdo bude cht\u00edt zjistit v\u00edce, bude cht\u00edt pochopit principy podstaty existence RM a jeho pozad\u00ed, m\u00e9 pr\u00e1ce, pr\u00e1ce ostatn\u00edch lid\u00ed v r\u00e1mci RM, jeho fungov\u00e1n\u00ed a tak\u00e9 o podm\u00ednk\u00e1ch pro spolupr\u00e1ci. Jedn\u00e1 se o mnoho str\u00e1nkov\u00fd text, kde je vysv\u011btleno v\u0161e d\u016fle\u017eit\u00e9, kter\u00fd se ji\u017e pom\u011brn\u011b za\u017eit\u00fdm v\u00fdrazem ozna\u010duje jako \u201eNekniha\u201c \u010di \u201eKniha naruby\u201c, co\u017e byl p\u016fvodn\u011b pouze pracovn\u00ed n\u00e1zev. Aby nedo\u0161lo tedy k nedorozum\u011bn\u00ed, nejedn\u00e1 se o knihu, a tedy ve\u0161ker\u00e9 informace a souvislosti, kter\u00e9 jsou mimo jin\u00e9 d\u016fle\u017eit\u00e9 pro pochopen\u00ed a eventu\u00e1ln\u00ed nav\u00e1z\u00e1n\u00ed spolupr\u00e1ce \u010di interakce, jsou v takov\u00e9m textu sice pops\u00e1ny, ale nikoliv ve slovech n\u00fdbr\u017e \u201emezi \u0159\u00e1dky\u201c. Je tomu tak proto, proto\u017ee neopl\u00fdv\u00e1m potenci\u00e1lem vysv\u011btlit slovy takov\u00fd princip a podstatu, nebo\u0165 slova, kter\u00fdmi bych tak u\u010dinil neexistuj\u00ed.<\/p>\n\n\n\n<p>Tento text \u201ekniha naruby\u201c, je tedy ur\u010den ka\u017ed\u00e9mu, kdo aktivn\u011b hled\u00e1 informace, kter\u00fdch se mu nedost\u00e1v\u00e1 a c\u00edt\u00ed, \u017ee by cht\u011bl nebo mohl naj\u00edt v RM to, co hled\u00e1, \u010demu se mu nedost\u00e1v\u00e1, \u010di by cht\u011bl po\u017e\u00e1dat o spolupr\u00e1ci. Pakli\u017ee takov\u00fd \u010dlov\u011bk je ochoten splnit podm\u00ednky, p\u0159e\u010dten\u00ed takov\u00e9ho textu je prvn\u00ed a kl\u00ed\u010dov\u00e9 p\u0159edev\u0161\u00edm k tomu, aby n\u00e1sledn\u011b nedoch\u00e1zelo k nedorozum\u011bn\u00edm a eventu\u00e1ln\u00edmu zklam\u00e1n\u00ed, \u010di ztr\u00e1t\u011b \u010dasu a energie. Tato \u201ekniha naruby\u201c tedy nen\u00ed ur\u010dena tomu, kdo nehled\u00e1, ale je pouze zv\u011bdav\u00fd, \u010di m\u00e1 n\u011bjak\u00fd jin\u00fd zi\u0161tn\u00fd \u010di prosp\u011bch\u00e1\u0159sk\u00fd d\u016fvod, nebo\u0165 v takov\u00e9m p\u0159\u00edpad\u011b by takov\u00e9 jedn\u00e1n\u00ed nebylo prosp\u011b\u0161n\u00e9 a opodstatn\u011bn\u00e9, nato\u017e smyslupln\u00e9. Jeliko\u017e tedy nen\u00ed v m\u00e9m z\u00e1jmu kohokoliv p\u0159esv\u011bd\u010dovat, p\u0159emlouvat \u010di komukoliv cokoliv vnucovat, nebo cokoliv propagovat a \u0161\u00ed\u0159it, podl\u00e9h\u00e1 tedy poskytnut\u00ed takov\u00e9 \u201eknihy naruby\u201c individu\u00e1ln\u00edmu z\u00e1jmu toho, kdo o takov\u00e9 informace stoj\u00ed a jsou pro n\u011bho d\u016fle\u017eit\u00e9 \u010di pot\u0159ebn\u00e9 a n\u00e1sledn\u011b takov\u00fd z\u00e1jem projev\u00ed po\u017e\u00e1d\u00e1n\u00edm o tento \u201emanu\u00e1l\u201c.<\/p>\n\n\n\n<p>V ka\u017ed\u00e9m p\u0159\u00edpad\u011b i tato podm\u00ednka m\u00e1 sv\u00e9 v\u00fdjimky. Jedn\u00e1-li se tedy o akutn\u00ed p\u0159\u00edpad z\u00e1va\u017en\u00e9ho charakteru, kdy nen\u00ed mo\u017en\u00e9 \u201eztr\u00e1cet \u010das\u201c, ale smysluplnost a opodstatn\u011bn\u00ed nechyb\u00ed, nen\u00ed t\u0159eba na takov\u00e9 podm\u00ednce lp\u011bt, dojde-li k prostudov\u00e1n\u00ed takov\u00e9ho manu\u00e1lu, dodate\u010dn\u011b \u010di soub\u011b\u017en\u011b.<\/p>\n\n\n\n<p>Jednou z dal\u0161\u00edch podm\u00ednek, kterou mohu zm\u00ednit, a kterou je d\u016fle\u017eit\u00e9 po napln\u011bn\u00ed prvn\u00ed podm\u00ednky splnit, je pak p\u0159ijmut\u00ed faktu, \u017ee kapacita mo\u017enost\u00ed RM poskytovat slu\u017eby, je do jist\u00e9 m\u00edry velice omezen\u00e1. Proto mo\u017enosti poskytov\u00e1n\u00ed slu\u017eeb t\u011bmto limit\u016fm odpov\u00eddaj\u00ed.\u00a0Jeliko\u017e nem\u00e1me mo\u017enosti v r\u00e1mci jednotliv\u00fdch odv\u011btv\u00ed uspokojit ve\u0161kerou popt\u00e1vku, proto doporu\u010duji v p\u0159\u00edpad\u011b z\u00e1jmu o spolupr\u00e1ci \u010di \u017e\u00e1dost o poskytnut\u00ed slu\u017eeb, uv\u00e1d\u011bt d\u016fvod, akutnost, aktu\u00e1lnost, ale p\u0159edev\u0161\u00edm samotn\u00fd d\u016fvod v\u00fdb\u011bru RM jako optim\u00e1ln\u00ed volby, co\u017e m\u016f\u017ee b\u00fdt jedn\u00edm z parametr\u016f p\u0159i v\u00fdb\u011bru, jak a kam sm\u011b\u0159ovat energii p\u0159i poskytov\u00e1n\u00ed slu\u017eeb RM. Smysluplnost a opodstatn\u011bn\u00ed je tak jedn\u00edm z kl\u00ed\u010dov\u00fdch parametr\u016f takov\u00e9ho v\u00fdb\u011bru, stejn\u011b jako n\u00e1sledn\u011b akutnost, \u010di z\u00e1va\u017enost. To ov\u0161em neznamen\u00e1, \u017ee jsou jist\u00e9 \u201ev\u011bci\u201c, kter\u00e9 nemaj\u00ed p\u0159ednost, z\u00e1le\u017e\u00ed v\u017edy na ve\u0161ker\u00fdch okolnostech a individu\u00e1ln\u00edm posouzen\u00ed. Stejn\u011b tak z\u00e1le\u017e\u00ed na tom, zda eventu\u00e1ln\u00ed spolupr\u00e1ce rezonuje na obou stran\u00e1ch stejn\u011b, tedy stoprocentn\u011b. Jeliko\u017e jsou tedy ve\u0161ker\u00e9 poskytovan\u00e9 \u201eslu\u017eby\u201c velice energeticky (a\u0165 u\u017e v jak\u00e9m slova smyslu) n\u00e1ro\u010dn\u00e9, pe\u010dliv\u011b vyb\u00edr\u00e1me, s k\u00fdm spolupr\u00e1ci nav\u00e1\u017eeme, komu slu\u017eby, produkty, servis poskytneme \u010di jak\u00fdm sm\u011brem energii investujeme tak, aby do\u0161lo k napln\u011bn\u00ed potenci\u00e1lu, ale tak\u00e9 samotn\u00e9 smysluplnosti na maximum. Vz\u00e1jemn\u00e1 d\u016fv\u011bra, sympatie, \u010di stejn\u00e9 rozpolo\u017een\u00ed je tak stejn\u011b kl\u00ed\u010dov\u00e9, jako samotn\u00e9 podm\u00ednky spolupr\u00e1ce. Co se \u017e\u00e1dosti o poskytnut\u00ed \u201eknihy naruby\u201c t\u00fdk\u00e1, sta\u010d\u00ed pouze takovou \u017e\u00e1dost odeslat na uveden\u00fd kontaktn\u00ed e-mail. Tedy takov\u00e1 \u017e\u00e1dost mus\u00ed obsahovat kr\u00e1tk\u00fd motiva\u010dn\u00ed dopis, kter\u00fd mus\u00ed obsahovat mimo jin\u00e9 samotn\u00fd d\u016fvod, pro\u010d pr\u00e1v\u011b m\u00e1\u0161 z\u00e1jem o tuto \u201eNe-knihu\u201c. Tedy konkr\u00e9tn\u00ed disharmonie, a to, pro\u010d si \u010dlov\u011bk mysl\u00ed, \u017ee by mohla b\u00fdt tato \u201ene-kniha\u201c pr\u00e1v\u011b pro n\u011bho. Takov\u00e1 \u017e\u00e1dost se posoud\u00ed a pakli\u017ee dojde k oboustrann\u00e9 rezonanci, bude takov\u00e9 \u017e\u00e1dosti vyhov\u011bno. Ka\u017ed\u00e1 \u017e\u00e1dost se v\u00e1\u017ee pouze na jednoho konkr\u00e9tn\u00edho \u010dlov\u011bka, kter\u00e9mu je n\u00e1sledn\u011b, p\u0159\u00edpadn\u011b poskytnuta. Jeliko\u017e je ale mechanismus v tomto textu ukryt\u00fd a st\u00e1le v procesu optimalizace, pak je pro n\u00e1slednou spolupr\u00e1ci d\u016fle\u017eit\u00e9 m\u00edt prostudovanou aktu\u00e1ln\u00ed verzi, pokud tak okolnosti umo\u017en\u00ed. V neposledn\u00ed \u0159ad\u011b je pak nezbytn\u00e9, aby z\u00e1jemce o spolupr\u00e1ci prostudoval (a bral na v\u011bdom\u00ed) ve\u0161ker\u00e9 ve\u0159ejn\u011b dostupn\u00e9 informace, kapitolou <a href=\"https:\/\/rustymonde.com\/?page_id=7\"><strong>&#8222;\u00davodem&#8220;<\/strong><\/a> a <strong> <a href=\"https:\/\/rustymonde.com\/?page_id=11\">&#8222;N\u00e1pl\u0148 &#8211; obecn\u011b&#8220;<\/a><\/strong> po\u010d\u00ednaje.<\/p>\n\n\n\n<p>Pozn\u00e1mka:<\/p>\n\n\n\n<p>Spln\u011bn\u00ed takov\u00fdch podm\u00ednek je z\u00e1sadn\u00ed pouze v p\u0159\u00edpad\u011b chce-li \u010dlov\u011bk vyu\u017e\u00edvat poskytovan\u00fdch slu\u017eeb RM, \u010derpat v\u00fdhody, kter\u00e9 RM poskytuje nebo popt\u00e1vat nejr\u016fzn\u011bj\u0161\u00ed produkty \u010di v\u00fdrobky. V&nbsp;p\u0159\u00edpad\u011b, kdy chce \u010dlov\u011bk pouze n\u011bco poskytnout ve prosp\u011bch RM a sv\u00e9ho okol\u00ed, ani\u017e by cht\u011bl jakkoliv vyu\u017e\u00edvat slu\u017eby RM \u010di popt\u00e1val produkty, takov\u00e9 podm\u00ednky plnit samoz\u0159ejm\u011b nemus\u00ed, jeli mu takov\u00e9 jedn\u00e1n\u00ed (s absenc\u00ed zi\u0161tn\u00fdch d\u016fvod\u016f) smyslupln\u00e9 a prost\u0159ed\u00ed RM s n\u00edm rezonuje t\u0159eba na z\u00e1klad\u011b pouh\u00e9ho prostudov\u00e1n\u00ed ve\u0159ejn\u011b dostupn\u00fdch informac\u00ed \u010di jak\u00e9ho si \u201eohlasu\u201c. Bav\u00edm se tedy o principu, kdy chce n\u011bkdo nap\u0159\u00edklad v\u011bnovat kybl\u00ed\u010dek biologick\u00e9ho odpadu z kuchyn\u011b, kter\u00fd mu je l\u00edto jen tak vyhodit, stejn\u011b tak star\u00fd nepot\u0159ebn\u00fd materi\u00e1l \u010di informace nebo jakoukoliv jinou \u201epomoc \/podporu\u201c. Pak nen\u00ed pot\u0159ebn\u00e9, aby takov\u00fd \u010dlov\u011bk plnil jak\u00e9koliv podm\u00ednky, kter\u00e9 jsou v tomto p\u0159\u00edpad\u011b \u201enepovinn\u00e9\u201c, ale jen letmo \u201edoporu\u010den\u00e9\u201c. Stejn\u011b tak v&nbsp;p\u0159\u00edpad\u011b, pokud by se \u010dlov\u011bk necht\u011bl st\u00e1t klientem RM, ale p\u0159esto by cht\u011bl s&nbsp;RM obchodovat v&nbsp;r\u00e1mci v\u00fdm\u011bnn\u00e9ho obchodu, nen\u00ed nutnost\u00ed podm\u00ednky plnit.<\/p>\n","protected":false},"excerpt":{"rendered":"<p>\u010casto jsem v p\u0159ede\u0161l\u00fdch textech mluvil o ur\u010dit\u00fdch podm\u00ednk\u00e1ch a d\u016fle\u017eitosti jejich spln\u011bn\u00ed. Nicm\u00e9n\u011b principy fungov\u00e1n\u00ed a cel\u00e9 podstaty RM a m\u00e9 pr\u00e1ce podl\u00e9haj\u00ed cel\u00e9 \u0159ad\u011b souvislost\u00ed, princip\u016f a z\u00e1konitost\u00ed. V \u017e\u00e1dn\u00e9m p\u0159\u00edpad\u011b tedy nemohu obs\u00e1hnout tyto z\u00e1konitosti a podm\u00ednky v r\u00e1mci t\u00e9to \u201ekapitoly\u201c. Ov\u0161em jednou ze z\u00e1sadn\u00edch a z\u00e1kladn\u00edch podm\u00ednek jak\u00e9koliv spolupr\u00e1ce \u010di interakce&hellip;&nbsp;<a href=\"https:\/\/rustymonde.com\/?page_id=42\" rel=\"bookmark\">\u010c\u00edst d\u00e1le &raquo;<span class=\"screen-reader-text\">Podm\u00ednky spolupr\u00e1ce<\/span><\/a><\/p>\n","protected":false},"author":1,"featured_media":0,"parent":0,"menu_order":46,"comment_status":"closed","ping_status":"closed","template":"","meta":{"_et_pb_use_builder":"","_et_pb_old_content":"","_et_gb_content_width":"","neve_meta_sidebar":"full-width","neve_meta_container":"","neve_meta_enable_content_width":"on","neve_meta_content_width":100,"neve_meta_title_alignment":"","neve_meta_author_avatar":"","neve_post_elements_order":"","neve_meta_disable_header":"","neve_meta_disable_footer":"","neve_meta_disable_title":"","pgc_sgb_lightbox_settings":"","footnotes":""},"class_list":["post-42","page","type-page","status-publish","hentry"],"lang":"cs","translations":{"fr":3337,"cs":42},"pll_sync_post":[],"_links":{"self":[{"href":"https:\/\/rustymonde.com\/index.php?rest_route=\/wp\/v2\/pages\/42","targetHints":{"allow":["GET"]}}],"collection":[{"href":"https:\/\/rustymonde.com\/index.php?rest_route=\/wp\/v2\/pages"}],"about":[{"href":"https:\/\/rustymonde.com\/index.php?rest_route=\/wp\/v2\/types\/page"}],"author":[{"embeddable":true,"href":"https:\/\/rustymonde.com\/index.php?rest_route=\/wp\/v2\/users\/1"}],"replies":[{"embeddable":true,"href":"https:\/\/rustymonde.com\/index.php?rest_route=%2Fwp%2Fv2%2Fcomments&post=42"}],"version-history":[{"count":14,"href":"https:\/\/rustymonde.com\/index.php?rest_route=\/wp\/v2\/pages\/42\/revisions"}],"predecessor-version":[{"id":6613,"href":"https:\/\/rustymonde.com\/index.php?rest_route=\/wp\/v2\/pages\/42\/revisions\/6613"}],"wp:attachment":[{"href":"https:\/\/rustymonde.com\/index.php?rest_route=%2Fwp%2Fv2%2Fmedia&parent=42"}],"curies":[{"name":"wp","href":"https:\/\/api.w.org\/{rel}","templated":true}]}}