{"id":4138,"date":"2022-03-07T16:17:27","date_gmt":"2022-03-07T15:17:27","guid":{"rendered":"https:\/\/rustymonde.com\/?page_id=4138"},"modified":"2025-02-11T14:35:18","modified_gmt":"2025-02-11T13:35:18","slug":"bazar","status":"publish","type":"page","link":"https:\/\/rustymonde.com\/?page_id=4138","title":{"rendered":"Bazar"},"content":{"rendered":"\n<p>Jedn\u00e1 se o m\u00edsto v&nbsp;r\u00e1mci prost\u0159ed\u00ed RM, kde poskytujeme v\u011bci, kter\u00e9 ji\u017e nepot\u0159ebujeme, neuplatn\u00edme \u010di pro n\u011b nem\u00e1me m\u00edsto pro uskladn\u011bn\u00ed atp. Jde tak\u00e9 o v\u011bci, kter\u00e9 pouze \u201ezachr\u00e1n\u00edme\u201c (pop\u0159\u00edpad\u011b oprav\u00edme), nebo\u0165 n\u00e1m p\u0159es jejich potenci\u00e1l a u\u017eitnost p\u0159ijde l\u00edto nechat je le\u017eet v&nbsp;p\u0159\u00edkopu, popelnici \u010di smeti\u0161ti a n\u011bkomu by mohly je\u0161t\u011b dob\u0159e poslou\u017eit, ale nem\u00e1me v&nbsp;z\u00e1jmu je sami vyu\u017e\u00edvat. Je to m\u00edsto, kde inzerujeme takov\u00e9 v\u011bci, a kde tak\u00e9 inzerujeme v\u011bci od lid\u00ed, kte\u0159\u00ed se cht\u011bj\u00ed do principu fungov\u00e1n\u00ed RM a samotn\u00e9ho bazaru tak\u00e9 zapojit.&nbsp;<\/p>\n\n\n\n<p>Funguje to tak, \u017ee danou v\u011bc zkr\u00e1tka poskytneme, jako je tomu v\u017edy v&nbsp;p\u0159\u00edpad\u011b RM, zdarma. Ov\u0161em mo\u017enost investov\u00e1n\u00ed do projekt\u016f a samotn\u00e9ho RM ponech\u00e1me. Tedy op\u011bt jde o stejn\u00fd princip jako v\u017edy, kde cenovka na dan\u00e9 v\u011bci je \u201ezdarma\u201c, ov\u0161em je tam je\u0161t\u011b cenovka druh\u00e1, kter\u00e1 nem\u00e1 se samotnou v\u011bc\u00ed nic spole\u010dn\u00e9ho a hovo\u0159\u00ed o tom, \u017ee pokud by cht\u011bl \u010dlov\u011bk investovat cokoliv ve prosp\u011bch RM, pak tu mo\u017enost pochopiteln\u011b m\u00e1. Nehodl\u00e1me takov\u00e9 v\u011bci dra\u017eit, ani poskytovat ve prosp\u011bch nejvy\u0161\u0161\u00ed nab\u00eddky. Chceme, aby i tato oblast RM plnila svoj\u00ed roli smysluplnosti a obohacen\u00ed na\u0161eho spole\u010dn\u00e9ho okol\u00ed prost\u0159ednictv\u00edm RM. Jde n\u00e1m tedy o to, aby dan\u00e1 v\u011bc dob\u0159e slou\u017eila \u010dlov\u011bku, se kter\u00fdm prost\u0159ed\u00ed RM dob\u0159e rezonuje, nikoliv o zisk. Pokud se n\u011bkdo na z\u00e1klad\u011b poskytnut\u00fdch v\u011bc\u00ed rozhodne investovat do prost\u0159ed\u00ed RM v&nbsp;podstat\u011b cokoliv, nech\u0165 takov\u00e1 investice nab\u00fdv\u00e1 podstaty, \u017ee tak \u010dlov\u011bk \u010din\u00ed, proto\u017ee s\u00e1m chce a d\u00e1v\u00e1 mu to smysl, nikoliv proto, \u017ee se chce \u201eodplatit\u201c za poskytnutou v\u011bc.<\/p>\n\n\n\n<p>Kdokoliv m\u00e1 n\u011bjakou v\u011bc, kterou by cht\u011bl v\u00a0r\u00e1mci bazaru RM poskytnout, nen\u00ed t\u0159eba n\u00e1m tuto v\u011bc vozit (nem\u00e1me skladovac\u00ed prostory), ale sta\u010d\u00ed, kdy\u017e n\u00e1m pouze po\u0161le fotku, popis a adresu k\u00a0vyzvednut\u00ed z\u00e1jemcem (pakli\u017ee se se z\u00e1jemcem nedohodne na zasl\u00e1n\u00ed po\u0161tou nap\u0159.). Pakli\u017ee m\u00e1 kdokoliv z\u00e1jem o n\u011bjakou v\u011bc z\u00a0bazaru, sta\u010d\u00ed tedy kontaktovat RM a o danou v\u011bc projevit z\u00e1jem, investovat (nato\u017e platit) nen\u00ed povinen, v\u011bc je zdarma, ale pokud investovat \u010dlov\u011bk chce, pak tu mo\u017enost m\u00e1 a m\u016f\u017ee tak \u010dinit jakoukoliv formou p\u0159\u00edmo do RM. V\u00a0ka\u017ed\u00e9m p\u0159\u00edpad\u011b tedy investice od takov\u00e9ho \u010dlov\u011bka sm\u011b\u0159uje ve prosp\u011bch RM, (tedy i pokud takovou v\u011bc bude inzerovat \u010dlov\u011bk, kter\u00fd nem\u00e1 s\u00a0RM nic spole\u010dn\u00e9ho), kter\u00fd s\u00a0takovou investic\u00ed nalo\u017e\u00ed podle sv\u00e9ho uv\u00e1\u017een\u00ed v\u00a0r\u00e1mci projekt\u016f obohacuj\u00edc\u00edch na\u0161e spole\u010dn\u00e9 okol\u00ed. M\u016f\u017ee se tedy investovat jakoukoliv formou a detaily pak \u0159e\u0161it osobn\u011b s\u00a0RM. Pochopiteln\u011b aby n\u011bkdo mohl z\u00edskat n\u011bjakou v\u011bc z\u00a0bazaru, mus\u00ed op\u011bt splnit ve\u0161ker\u00e9 <a href=\"https:\/\/rustymonde.com\/?page_id=42\" data-type=\"link\" data-id=\"https:\/\/rustymonde.com\/?page_id=42\">podm\u00ednky spolupr\u00e1ce<\/a>, kter\u00e9 souvis\u00ed s\u00a0principy spolupr\u00e1ce s\u00a0RM. Pokud chce \u010dlov\u011bk do bazaru RM n\u011bco v\u011bnovat, pak takov\u00e9 spln\u011bn\u00ed nen\u00ed nutnost\u00ed, ale je letmo doporu\u010den\u00e9.<\/p>\n\n\n\n<p>Vzhledem k&nbsp;tomu, \u017ee \u201ekomunita\u201c lid\u00ed, se kter\u00fdmi RM rezonuje se rozr\u016fst\u00e1 jen velice pomalu (co\u017e je \u017e\u00e1douc\u00ed a p\u0159irozen\u00e9), ani bazar nebude zprvu p\u0159\u00edli\u0161 efektivn\u00ed, proto pokud nenajdeme v&nbsp;ur\u010dit\u00e9m \u010dasov\u00e9m horizontu z\u00e1jemce o danou v\u011bc z&nbsp;\u0159ad lid\u00ed, se kter\u00fdmi prost\u0159ed\u00ed RM rezonuje, darujeme takovou v\u011bc p\u0159es klasick\u00e9 inzertn\u00ed port\u00e1ly zdarma, tak jako jsme to d\u011blali doposud (bez nutnosti, aby z\u00e1jemce plnil jak\u00e9koliv podm\u00ednky spolupr\u00e1ce RM). Z&nbsp;praxe ov\u0161em vypl\u00fdv\u00e1, \u017ee na jednu nab\u00eddnutou v\u011bc zdarma na klasick\u00e9m inzertn\u00edm port\u00e1lu p\u0159ich\u00e1z\u00ed des\u00edtky email\u016f od r\u016fzn\u00fdch z\u00e1jemc\u016f. Ponech\u00e1v\u00e1me si tedy v\u017edy mo\u017enost v\u00fdb\u011bru a neposkytujeme takovou v\u011bc hned v\u017edy prvn\u00edmu z\u00e1jemci. I kdy\u017e takov\u00e1 v\u011bc toti\u017e nebude slou\u017eit v&nbsp;r\u00e1mci prost\u0159ed\u00ed RM nebo lidem, se kter\u00fdmi RM rezonuje, st\u00e1le chceme zachovat co nejvy\u0161\u0161\u00ed pravd\u011bpodobnost, \u017ee bude takov\u00e1 v\u011bc slou\u017eit smyslupln\u011b. Proto n\u00e1mi inzerovan\u00e9 v\u011bci \u201evis\u00ed\u201c v&nbsp;nab\u00eddce del\u0161\u00ed dobu, i kdy\u017e jsou zdarma a je na n\u00ed v\u00edce z\u00e1jemc\u016f v\u011bt\u0161inou od prvn\u00ed minuty. Proto nen\u00ed t\u0159eba sp\u011bchat, pokud m\u00e1 kdokoliv z\u00e1jem o danou v\u011bc, nebo\u0165 je takov\u00e1 nab\u00eddka dopln\u011bna v\u017edy o term\u00edn uz\u00e1v\u011brky a je jedno jestli \u017e\u00e1dost p\u0159ijde minutu po zve\u0159ejn\u011bn\u00ed, \u010di n\u011bkolik dn\u00ed. Proto n\u011bkdy nab\u00edz\u00edme zdarma i velice hodnotn\u00e9 v\u011bci, ale v\u00fdm\u011bnou za p\u0159\u00edb\u011bh, kter\u00fd dan\u00fd z\u00e1jemce po\u0161le na email. Z&nbsp;t\u011bchto email\u016f pak vybereme ten, kter\u00fd s&nbsp;n\u00e1mi rezonuje nejv\u00edce, v&nbsp;\u017e\u00e1dn\u00e9m p\u0159\u00edpad\u011b ten, ve kter\u00e9m je n\u00e1m nab\u00eddnuto nejv\u00edce pen\u011bz, a uplatit se n\u00e1s sna\u017e\u00ed lid\u00e9 opravdu \u010dasto. Nechceme podporovat r\u016fzn\u00e9 p\u0159ekupn\u00edky, \u0161melin\u00e1\u0159e, prosp\u011bch\u00e1\u0159e atp.<\/p>\n\n\n\n<p>Tak\u00e9 takov\u00e9 v\u011bci (kter\u00e9 neud\u00e1me v&nbsp;r\u00e1mci lid\u00ed, se kter\u00fdmi RM rezonuje) budeme nab\u00edzet na vlastn\u00edch str\u00e1nk\u00e1ch \u010di profilech soci\u00e1ln\u00edch s\u00edt\u00ed a pokud se na n\u011b nebude vztahovat nutnost dodr\u017een\u00ed podm\u00ednek spolupr\u00e1ce, tak u takov\u00fdch inzer\u00e1t\u016f bude zm\u00edn\u011bno. V&nbsp;p\u0159\u00edpad\u011b tedy, \u017ee je u inzer\u00e1tu zm\u00edn\u011bno, \u017ee se na takov\u00fd inzer\u00e1t pln\u011bn\u00ed podm\u00ednek nevztahuje, \u010dlov\u011bk takov\u00e9 podm\u00ednky plnit nemus\u00ed, ale mus\u00edm podotknout, \u017ee pochopiteln\u011b m\u016f\u017ee, ale jejich pln\u011bn\u00ed nen\u00ed povinn\u00e9, pouze op\u011bt letmo doporu\u010den\u00e9.<\/p>\n\n\n\n<p>PS: Pokud se \u010dlov\u011bk rozhodne pro investice jak\u00e9hokoliv charakteru ve prosp\u011bch RM, v&nbsp;r\u00e1mci posloupnosti na z\u00e1klad\u011b vyu\u017e\u00edv\u00e1n\u00ed slu\u017eeb \u201ebazaru\u201c, pak op\u011bt nez\u00e1le\u017e\u00ed na tom, kdy k&nbsp;takov\u00e9 investici dojde. Oproti klasick\u00e9mu komer\u010dn\u00edmu syst\u00e9mu, je tedy rozd\u00edl v&nbsp;tom, \u017ee nejen \u017ee \u010dlov\u011bk nen\u00ed povinen platit, ale pokud se rozhodne k \u201eplatb\u011b\u201c, pak je jedno, jestli tak u\u010din\u00ed p\u0159i p\u0159evzet\u00ed, nebo des\u00edtky dn\u00ed (t\u00fddn\u016f \/ rok\u016f) \u201ePO\u201c.<\/p>\n\n\n\n<p>Galerie v\u011bc\u00ed, kter\u00e9 jsou aktu\u00e1ln\u011b v bazaru\/p\u016fj\u010dovn\u011b dostupn\u00e9 zde: <\/p>\n\n\n\n<p>Galerie &#8211; <a href=\"https:\/\/rustymonde.com\/?cat=398\" data-type=\"URL\" data-id=\"https:\/\/rustymonde.com\/category\/bazar-a-pujcovna\/\">Bazar\/p\u016fj\u010dovna RM<\/a><\/p>\n\n\n\n<p>Facebook &#8211; <a href=\"https:\/\/www.facebook.com\/groups\/803228940636278\" data-type=\"URL\" data-id=\"https:\/\/www.facebook.com\/groups\/803228940636278\">Bazar RM (cena zdarma\/dobrovoln\u00e1)<\/a><\/p>\n\n\n\n<p><\/p>\n","protected":false},"excerpt":{"rendered":"<p>Jedn\u00e1 se o m\u00edsto v&nbsp;r\u00e1mci prost\u0159ed\u00ed RM, kde poskytujeme v\u011bci, kter\u00e9 ji\u017e nepot\u0159ebujeme, neuplatn\u00edme \u010di pro n\u011b nem\u00e1me m\u00edsto pro uskladn\u011bn\u00ed atp. Jde tak\u00e9 o v\u011bci, kter\u00e9 pouze \u201ezachr\u00e1n\u00edme\u201c (pop\u0159\u00edpad\u011b oprav\u00edme), nebo\u0165 n\u00e1m p\u0159es jejich potenci\u00e1l a u\u017eitnost p\u0159ijde l\u00edto nechat je le\u017eet v&nbsp;p\u0159\u00edkopu, popelnici \u010di smeti\u0161ti a n\u011bkomu by mohly je\u0161t\u011b dob\u0159e poslou\u017eit, ale&hellip;&nbsp;<a href=\"https:\/\/rustymonde.com\/?page_id=4138\" rel=\"bookmark\">\u010c\u00edst d\u00e1le &raquo;<span class=\"screen-reader-text\">Bazar<\/span><\/a><\/p>\n","protected":false},"author":1,"featured_media":0,"parent":0,"menu_order":2,"comment_status":"closed","ping_status":"closed","template":"","meta":{"_et_pb_use_builder":"","_et_pb_old_content":"","_et_gb_content_width":"","neve_meta_sidebar":"full-width","neve_meta_container":"","neve_meta_enable_content_width":"on","neve_meta_content_width":100,"neve_meta_title_alignment":"","neve_meta_author_avatar":"","neve_post_elements_order":"","neve_meta_disable_header":"","neve_meta_disable_footer":"","neve_meta_disable_title":"","pgc_sgb_lightbox_settings":"","footnotes":""},"class_list":["post-4138","page","type-page","status-publish","hentry"],"lang":"cs","translations":{"fr":4259,"cs":4138},"pll_sync_post":[],"_links":{"self":[{"href":"https:\/\/rustymonde.com\/index.php?rest_route=\/wp\/v2\/pages\/4138","targetHints":{"allow":["GET"]}}],"collection":[{"href":"https:\/\/rustymonde.com\/index.php?rest_route=\/wp\/v2\/pages"}],"about":[{"href":"https:\/\/rustymonde.com\/index.php?rest_route=\/wp\/v2\/types\/page"}],"author":[{"embeddable":true,"href":"https:\/\/rustymonde.com\/index.php?rest_route=\/wp\/v2\/users\/1"}],"replies":[{"embeddable":true,"href":"https:\/\/rustymonde.com\/index.php?rest_route=%2Fwp%2Fv2%2Fcomments&post=4138"}],"version-history":[{"count":10,"href":"https:\/\/rustymonde.com\/index.php?rest_route=\/wp\/v2\/pages\/4138\/revisions"}],"predecessor-version":[{"id":6587,"href":"https:\/\/rustymonde.com\/index.php?rest_route=\/wp\/v2\/pages\/4138\/revisions\/6587"}],"wp:attachment":[{"href":"https:\/\/rustymonde.com\/index.php?rest_route=%2Fwp%2Fv2%2Fmedia&parent=4138"}],"curies":[{"name":"wp","href":"https:\/\/api.w.org\/{rel}","templated":true}]}}