{"id":4136,"date":"2022-03-07T16:17:03","date_gmt":"2022-03-07T15:17:03","guid":{"rendered":"https:\/\/rustymonde.com\/?page_id=4136"},"modified":"2025-02-09T20:44:28","modified_gmt":"2025-02-09T19:44:28","slug":"pohrebiste-hrbitov","status":"publish","type":"page","link":"https:\/\/rustymonde.com\/?page_id=4136","title":{"rendered":"Poh\u0159ebi\u0161t\u011b \/ h\u0159bitov"},"content":{"rendered":"\n<p>I kdy\u017e se jedn\u00e1 o jednu z&nbsp;mnoha prozat\u00edm nezrealizovan\u00fdch oblast\u00ed (o kter\u00fdch je\u0161t\u011b nejsp\u00ed\u0161e dlouho nebudu mluvit), m\u00e1 jej\u00ed prezentace ur\u010dit\u00fd smysl a d\u016fvod, pro\u010d je tu tato oblast zm\u00edn\u011bna.&nbsp; Mimo jin\u00e9 proto, aby bylo mo\u017en\u00e9 letmo poc\u00edtit sm\u011br, jak\u00fdm se tak\u00e9 RM ub\u00edr\u00e1, tomu, koho RM t\u0159eba jednou bude zaj\u00edmat.<\/p>\n\n\n\n<p>Sn\u00edme o tom, \u017ee jednou budeme m\u00edt dostate\u010dnou kapacitu, mo\u017enosti a podm\u00ednky k&nbsp;tomu, \u017ee se n\u00e1m poda\u0159\u00ed vytvo\u0159it m\u00edsto k&nbsp;odpo\u010dinku, odpov\u00eddaj\u00edc\u00edmu smysluplnosti, pot\u0159eb\u00e1m a z\u00e1jmu na\u0161eho okol\u00ed. M\u00edstem k&nbsp;odpo\u010dinku nikoliv pouze \u201epod zem\u00ed\u201c, ale p\u0159edev\u0161\u00edm na jej\u00edm povrchu. Cht\u011bli bychom \u201evybudovat\u201c m\u00edsto, kde se bude moci ulo\u017eit do zem\u011b t\u011blo bytosti v&nbsp;cel\u00e9 sv\u00e9 kr\u00e1se (a\u0165 u\u017e jde o zv\u00ed\u0159e, \u010di \u010dlov\u011bka). M\u00edsto, kde se t\u011bla nebudeme zbavovat, ale kde ho budeme poskytovat, kde bude d\u00e1le napl\u0148ovat svoji podstatu a slou\u017eit sv\u00e9mu okol\u00ed (tak jako by m\u011bl slou\u017eit sv\u00e9mu okol\u00ed i \u010dlov\u011bk b\u011bhem \u017eivota). M\u00edsto, jeho\u017e p\u016fda nebude kontaminovan\u00e1 chemik\u00e1liemi, poch\u00e1zej\u00edc\u00edmi z&nbsp;nesmysln\u00fdch konzerva\u010dn\u00edch procedur, a\u0165 u\u017e v&nbsp;r\u00e1mci zbyte\u010dn\u00e9ho textilu, ve kter\u00fdch jsou t\u011bla do zem\u011b ukl\u00e1d\u00e1na a konzervov\u00e1na, plastov\u00fdch a dal\u0161\u00edch chemick\u00fdch l\u00e1tek v&nbsp;r\u00e1mci nesmysln\u00fdch krabic, do kter\u00fdch se t\u011bla ukl\u00e1daj\u00ed atp. V&nbsp;neposledn\u00ed \u0159ad\u011b ale tak\u00e9 nesmysln\u00e9 vkl\u00e1d\u00e1n\u00ed neuv\u011b\u0159iteln\u00e9ho mno\u017estv\u00ed naprosto zdrav\u00e9ho d\u0159eva, kter\u00e9 nem\u00e1 v&nbsp;zemi, stejn\u011b tak jako chemik\u00e1lie, co d\u011blat. Ale tak\u00e9 m\u00edsto, jeho\u017e povrch nebude zabr\u00e1n ve prosp\u011bch zbyte\u010dn\u011b a beze smyslu \u201epoh\u00e1zen\u00fdch\u201c kamenn\u00fdch a betonov\u00fdch blok\u016f, strachu, stresu, strnul\u00fdch tv\u00e1\u0159\u00ed a nesmysln\u00fdch pravidel a omezen\u00ed, ba naopak. M\u00edsto, kde se nikterak nebudou \u017eivoty (\u201enad zem\u00ed a pod zem\u00ed\u201c) rozd\u011blovat, ale prol\u00ednat. M\u00edsto, kde si na povrchu budou hr\u00e1t d\u011bti, budou se s\u00e1zet louky, p\u00e1st zv\u00ed\u0159ata, s\u00e1zet ke\u0159e a stromy, pln\u00e9 houpac\u00edch s\u00edt\u00ed nebo houpa\u010dek pro d\u011bti, budou se tam s\u00e1zet ovocn\u00e9 sady, um\u00eds\u0165ovat v\u010del\u00edny atd. M\u00edsto, kde ulo\u017een\u00ed t\u011bla pod jeho povrch nezanech\u00e1 na povrchu \u017e\u00e1dnou jizvu. M\u00edsto, kam si \u010dlov\u011bk s&nbsp;radost\u00ed lehne pod strom, a\u0165 u\u017e v&nbsp;jak\u00e9mkoliv smyslu. M\u00edsto kam se bude chodit s&nbsp;radost\u00ed, ale p\u0159edev\u0161\u00edm m\u00edsto, kter\u00e9 nab\u00eddne tolik chyb\u011bj\u00edc\u00ed mo\u017enosti, kter\u00e9 \u010dlov\u011bk v&nbsp;r\u00e1mci vypo\u0159\u00e1d\u00e1n\u00ed se s&nbsp;odchodem bl\u00edzk\u00e9 bytosti tak moc pot\u0159ebuje.<\/p>\n\n\n\n<p>Tak jako v&nbsp;dal\u0161\u00edch oblastech budeme \u201epot\u0159ebovat\u201c ur\u010ditou formu podpory, nebo\u0165 prozat\u00edm ani zdaleka nedisponujeme mo\u017enostmi takov\u00e9 m\u00edsto vybudovat, ani znalostmi (administrativn\u00edmi). P\u0159edev\u0161\u00edm tedy ale zat\u00edm nedisponujeme prostory, kde bychom takov\u00e9 m\u00edsto mohli zrealizovat. M\u00edsto, kter\u00e9 se ov\u0161em protne s&nbsp;ostatn\u00edmi oblastmi p\u016fsoben\u00ed RM, a bude spolu s&nbsp;ostatn\u00edmi oblastmi prost\u0159ed\u00ed RM roz\u0161i\u0159ovat a tak\u00e9 dopl\u0148ovat.<\/p>\n\n\n\n<p>Je pravd\u011bpodobn\u00e9, \u017ee vybudov\u00e1n\u00ed takov\u00e9ho m\u00edsta nebude jednoduch\u00e9, a to nejen z&nbsp;administrativn\u00edch d\u016fvod\u016f, ale v\u011b\u0159\u00edme, \u017ee se to jednou poda\u0159\u00ed. Op\u011bt tedy poznamen\u00e1m, \u017ee za jakoukoliv sou\u010dinnost v&nbsp;r\u00e1mci t\u00e9to oblasti (kter\u00e1 ale z\u00e1rove\u0148 z\u00e1vis\u00ed, pronik\u00e1 a podl\u00e9h\u00e1 v\u0161em ostatn\u00edm oblastem RM), budeme velice r\u00e1di.<\/p>\n","protected":false},"excerpt":{"rendered":"<p>I kdy\u017e se jedn\u00e1 o jednu z&nbsp;mnoha prozat\u00edm nezrealizovan\u00fdch oblast\u00ed (o kter\u00fdch je\u0161t\u011b nejsp\u00ed\u0161e dlouho nebudu mluvit), m\u00e1 jej\u00ed prezentace ur\u010dit\u00fd smysl a d\u016fvod, pro\u010d je tu tato oblast zm\u00edn\u011bna.&nbsp; Mimo jin\u00e9 proto, aby bylo mo\u017en\u00e9 letmo poc\u00edtit sm\u011br, jak\u00fdm se tak\u00e9 RM ub\u00edr\u00e1, tomu, koho RM t\u0159eba jednou bude zaj\u00edmat. Sn\u00edme o tom, \u017ee&hellip;&nbsp;<a href=\"https:\/\/rustymonde.com\/?page_id=4136\" rel=\"bookmark\">\u010c\u00edst d\u00e1le &raquo;<span class=\"screen-reader-text\">Poh\u0159ebi\u0161t\u011b \/ h\u0159bitov<\/span><\/a><\/p>\n","protected":false},"author":1,"featured_media":0,"parent":0,"menu_order":3,"comment_status":"closed","ping_status":"closed","template":"","meta":{"_et_pb_use_builder":"","_et_pb_old_content":"","_et_gb_content_width":"","neve_meta_sidebar":"full-width","neve_meta_container":"","neve_meta_enable_content_width":"on","neve_meta_content_width":100,"neve_meta_title_alignment":"","neve_meta_author_avatar":"","neve_post_elements_order":"","neve_meta_disable_header":"","neve_meta_disable_footer":"","neve_meta_disable_title":"","pgc_sgb_lightbox_settings":"","footnotes":""},"class_list":["post-4136","page","type-page","status-publish","hentry"],"lang":"cs","translations":{"fr":4262,"cs":4136},"pll_sync_post":[],"_links":{"self":[{"href":"https:\/\/rustymonde.com\/index.php?rest_route=\/wp\/v2\/pages\/4136","targetHints":{"allow":["GET"]}}],"collection":[{"href":"https:\/\/rustymonde.com\/index.php?rest_route=\/wp\/v2\/pages"}],"about":[{"href":"https:\/\/rustymonde.com\/index.php?rest_route=\/wp\/v2\/types\/page"}],"author":[{"embeddable":true,"href":"https:\/\/rustymonde.com\/index.php?rest_route=\/wp\/v2\/users\/1"}],"replies":[{"embeddable":true,"href":"https:\/\/rustymonde.com\/index.php?rest_route=%2Fwp%2Fv2%2Fcomments&post=4136"}],"version-history":[{"count":4,"href":"https:\/\/rustymonde.com\/index.php?rest_route=\/wp\/v2\/pages\/4136\/revisions"}],"predecessor-version":[{"id":6543,"href":"https:\/\/rustymonde.com\/index.php?rest_route=\/wp\/v2\/pages\/4136\/revisions\/6543"}],"wp:attachment":[{"href":"https:\/\/rustymonde.com\/index.php?rest_route=%2Fwp%2Fv2%2Fmedia&parent=4136"}],"curies":[{"name":"wp","href":"https:\/\/api.w.org\/{rel}","templated":true}]}}