{"id":38,"date":"2021-02-21T21:35:15","date_gmt":"2021-02-21T20:35:15","guid":{"rendered":"http:\/\/rustymonde.cz\/?page_id=38"},"modified":"2025-02-11T14:21:32","modified_gmt":"2025-02-11T13:21:32","slug":"seminare-skoleni","status":"publish","type":"page","link":"https:\/\/rustymonde.com\/?page_id=38","title":{"rendered":"Semin\u00e1\u0159e, \u0161kolen\u00ed"},"content":{"rendered":"<div class=\"wp-block-image\">\n<figure class=\"alignleft size-large is-resized\"><img fetchpriority=\"high\" fetchpriority=\"high\" decoding=\"async\" width=\"295\" height=\"248\" src=\"https:\/\/rustymonde.com\/wp-content\/uploads\/2021\/04\/seminare.png\" alt=\"\" class=\"wp-image-1970\" style=\"width:93px;height:78px\"\/><\/figure>\n<\/div>\n\n\n<p>Typ 1. Semin\u00e1\u0159e \u010di \u0161kolen\u00ed pouze v r\u00e1mci RM, tedy v&nbsp;p\u0159\u00edpadech, kdy je takov\u00fd semin\u00e1\u0159 popt\u00e1v\u00e1n po RM na t\u00e9mata souvisej\u00edc\u00ed s&nbsp;\u010dinnost\u00ed a poskytovan\u00fdmi slu\u017ebami RM, (bez kooperace \u010di sou\u010dinnosti \u201evn\u011bj\u0161\u00edch vliv\u016f\u201c).<\/p>\n\n\n\n<p>Jedn\u00e1 se o obdobu seanc\u00ed, konzultac\u00ed a rozhovor\u016f, pokud podstata t\u00e9mat nen\u00ed prim\u00e1rn\u011b individu\u00e1ln\u00ed. Z\u00e1rove\u0148 je to mo\u017enost, jak vytvo\u0159it prost\u0159ed\u00ed, pro obs\u00e1hlej\u0161\u00ed dialog mezi v\u00edce lidmi, \u010di vyu\u017e\u00edt praktick\u00e9 mo\u017enosti kolektivn\u00ed spolupr\u00e1ce. A\u0165 u\u017e z d\u016fvodu individu\u00e1ln\u00edch pot\u0159eb, nebo d\u016fvodu, kdy by se n\u011bkdo cht\u011bl za\u010d\u00edt v\u011bt\u0161\u00ed m\u011brou pod\u00edlet na projektech t\u00fdkaj\u00edc\u00edch se RM. &nbsp;&nbsp;&nbsp;&nbsp;&nbsp;&nbsp;&nbsp;&nbsp;&nbsp;&nbsp;&nbsp;&nbsp;&nbsp;&nbsp;&nbsp;&nbsp;&nbsp;&nbsp;&nbsp;&nbsp;&nbsp;&nbsp;&nbsp;&nbsp;&nbsp;&nbsp;&nbsp;&nbsp;&nbsp;&nbsp;&nbsp;<\/p>\n\n\n\n<p>Jeliko\u017e je kapacita a efektivita v mnoha oblastech velice omezen\u00e1, jeli v\u016fle kohokoliv pracovat ve prosp\u011bch na\u0161eho okol\u00ed pr\u00e1v\u011b prost\u0159ednictv\u00edm RM a roz\u0161\u00ed\u0159it tak kapacitu a efektivitu poskytovan\u00fdch slu\u017eeb, a\u0165 u\u017e ve form\u011b poskytov\u00e1n\u00ed slu\u017eeb t\u00fdkaj\u00edc\u00edch se seanc\u00ed, nebo jak\u00e9koliv jin\u00e9 oblasti, podstoupen\u00ed ur\u010dit\u00e9 formy semin\u00e1\u0159\u016f a \u0161kolen\u00ed, bude pro takovou \u010dinnost nezbytn\u00e1.<\/p>\n\n\n\n<p>Pozn\u00e1mka:<\/p>\n\n\n\n<p>Z\u00e1le\u017e\u00ed v\u017edy na konkr\u00e9tn\u00edm z\u00e1jmu ur\u010dit\u00e9 skupiny lid\u00ed, kte\u0159\u00ed projev\u00ed motivaci a v\u016fli se takov\u00fdch \u0161kolen\u00ed \u010di semin\u00e1\u0159\u016f \u00fa\u010dastnit a o takov\u00e9 slu\u017eby projev\u00ed z\u00e1jem. Nedoch\u00e1z\u00ed tedy k&nbsp;situaci, kdy by RM organizoval a \u201evypisoval\u201c semin\u00e1\u0159e a n\u00e1sledn\u011b se jich mohl kdokoliv \u00fa\u010dastnit, n\u00fdbr\u017e k takov\u00e9mu poskytnut\u00ed m\u016f\u017ee doj\u00edt a\u017e na z\u00e1klad\u011b ur\u010dit\u00e9 popt\u00e1vky. Stejn\u011b tak zvolen\u00e9 t\u00e9ma vych\u00e1z\u00ed ze z\u00e1jmu a pot\u0159eb skupiny lid\u00ed, kte\u0159\u00ed o takovou slu\u017ebu vyslov\u00ed z\u00e1jem.<\/p>\n\n\n\n<p>Typ 2.&nbsp; Semin\u00e1\u0159e \u010di \u0161kolen\u00ed (st\u00e1\u017ee) p\u0159esahuj\u00edc\u00ed mo\u017enosti RM, tedy v&nbsp;p\u0159\u00edpadech, kdy RM popt\u00e1v\u00e1 takov\u00fd semin\u00e1\u0159 mimo prost\u0159ed\u00ed RM (za p\u0159\u00edtomnosti \u201eexpert\u016f\u201c, kte\u0159\u00ed nejsou sou\u010d\u00e1st\u00ed RM).<\/p>\n\n\n\n<p>Jedn\u00e1 se o semin\u00e1\u0159e, \u0161kolen\u00ed \u010di st\u00e1\u017ee, kter\u00e9 sice po\u0159\u00e1d\u00e1 RM, ale na takov\u00e1 t\u00e9mata, na kter\u00e1 s\u00e1m RM nesta\u010d\u00ed, a kter\u00e1 slou\u017e\u00ed k jeho obohacen\u00ed. Tedy t\u00e9mata, kter\u00e1 vy\u017eaduj\u00ed ur\u010ditou odbornost, zku\u0161enost, \u010di znalost, kter\u00fdmi RM nedisponuje. V tomto p\u0159\u00edpad\u011b pak RM oslov\u00ed n\u011bjak\u00e9ho zaj\u00edmav\u00e9ho \u010dlov\u011bka (\u201eexperta\u201c) a zorganizuje semin\u00e1\u0159 pro RM. Takov\u00e9to semin\u00e1\u0159e pak jsou ve\u0159ejn\u011b vypisov\u00e1ny, a je umo\u017en\u011bno komukoliv se jich \u00fa\u010dastnit, ani\u017e by musel plnit jak\u00e9koliv podm\u00ednky spolupr\u00e1ce. M\u016f\u017ee se jednat nap\u0159\u00edklad o semin\u00e1\u0159 za p\u0159\u00edtomnosti zku\u0161en\u00e9ho kov\u00e1\u0159e, v\u010dela\u0159e, \u010di jak\u00e9hokoliv jin\u00e9ho odborn\u00edka v\u00a0oblastech, ve kter\u00fdch se RM bude velice r\u00e1d zdokonalovat. V principu pak RM za takov\u00e9 slu\u017eby dan\u00e9mu odborn\u00edkovy zaplat\u00ed a p\u0159\u00edpadn\u00ed \u00fa\u010dastn\u00edci z \u0159ad ve\u0159ejnosti maj\u00ed vstup \u201ezdarma\u201c, \u010di mohou v souladu s \u201e<a href=\"https:\/\/rustymonde.com\/?page_id=4628\" data-type=\"link\" data-id=\"https:\/\/rustymonde.com\/?page_id=4628\">cenovou politikou<\/a>\u201c podpo\u0159it prost\u0159ed\u00ed RM jak\u00fdmkoliv darem jak\u00e9koliv formy. Rozhodnut\u00ed ov\u0161em nech\u00e1me v\u017edy na dobrovoln\u00e9 b\u00e1zi. Je to tedy princip, jak umo\u017enit \u0161ir\u0161\u00ed ve\u0159ejnosti \u010derpat z\u00a0takov\u00fdch semin\u00e1\u0159\u016f znalosti a dovednosti v\u00a0p\u0159\u00edpadech, kdy si nemohou takov\u00fd semin\u00e1\u0159 finan\u010dn\u011b dovolit, nebo takov\u00fd semin\u00e1\u0159 ani nen\u00ed nikde dostupn\u00fd.<\/p>\n\n\n\n<p>PS. Ke komunikaci \u010di organizaci mezi eventu\u00e1ln\u00edmi z\u00e1jemci pak m\u016f\u017ee doj\u00edt za u\u017eit\u00ed n\u011bkter\u00fdch platforem, kter\u00e9 nab\u00edzej\u00ed ur\u010dit\u00e9 soci\u00e1ln\u00ed s\u00edt\u011b, a kde je t\u0159eba i RM aktivn\u00ed.<\/p>\n","protected":false},"excerpt":{"rendered":"<p>Typ 1. Semin\u00e1\u0159e \u010di \u0161kolen\u00ed pouze v r\u00e1mci RM, tedy v&nbsp;p\u0159\u00edpadech, kdy je takov\u00fd semin\u00e1\u0159 popt\u00e1v\u00e1n po RM na t\u00e9mata souvisej\u00edc\u00ed s&nbsp;\u010dinnost\u00ed a poskytovan\u00fdmi slu\u017ebami RM, (bez kooperace \u010di sou\u010dinnosti \u201evn\u011bj\u0161\u00edch vliv\u016f\u201c). Jedn\u00e1 se o obdobu seanc\u00ed, konzultac\u00ed a rozhovor\u016f, pokud podstata t\u00e9mat nen\u00ed prim\u00e1rn\u011b individu\u00e1ln\u00ed. Z\u00e1rove\u0148 je to mo\u017enost, jak vytvo\u0159it prost\u0159ed\u00ed, pro obs\u00e1hlej\u0161\u00ed&hellip;&nbsp;<a href=\"https:\/\/rustymonde.com\/?page_id=38\" rel=\"bookmark\">\u010c\u00edst d\u00e1le &raquo;<span class=\"screen-reader-text\">Semin\u00e1\u0159e, \u0161kolen\u00ed<\/span><\/a><\/p>\n","protected":false},"author":1,"featured_media":0,"parent":0,"menu_order":48,"comment_status":"closed","ping_status":"closed","template":"","meta":{"_et_pb_use_builder":"","_et_pb_old_content":"","_et_gb_content_width":"","neve_meta_sidebar":"full-width","neve_meta_container":"","neve_meta_enable_content_width":"on","neve_meta_content_width":100,"neve_meta_title_alignment":"","neve_meta_author_avatar":"","neve_post_elements_order":"","neve_meta_disable_header":"","neve_meta_disable_footer":"","neve_meta_disable_title":"","pgc_sgb_lightbox_settings":"","footnotes":""},"class_list":["post-38","page","type-page","status-publish","hentry"],"lang":"cs","translations":{"fr":3347,"cs":38},"pll_sync_post":[],"_links":{"self":[{"href":"https:\/\/rustymonde.com\/index.php?rest_route=\/wp\/v2\/pages\/38","targetHints":{"allow":["GET"]}}],"collection":[{"href":"https:\/\/rustymonde.com\/index.php?rest_route=\/wp\/v2\/pages"}],"about":[{"href":"https:\/\/rustymonde.com\/index.php?rest_route=\/wp\/v2\/types\/page"}],"author":[{"embeddable":true,"href":"https:\/\/rustymonde.com\/index.php?rest_route=\/wp\/v2\/users\/1"}],"replies":[{"embeddable":true,"href":"https:\/\/rustymonde.com\/index.php?rest_route=%2Fwp%2Fv2%2Fcomments&post=38"}],"version-history":[{"count":18,"href":"https:\/\/rustymonde.com\/index.php?rest_route=\/wp\/v2\/pages\/38\/revisions"}],"predecessor-version":[{"id":6584,"href":"https:\/\/rustymonde.com\/index.php?rest_route=\/wp\/v2\/pages\/38\/revisions\/6584"}],"wp:attachment":[{"href":"https:\/\/rustymonde.com\/index.php?rest_route=%2Fwp%2Fv2%2Fmedia&parent=38"}],"curies":[{"name":"wp","href":"https:\/\/api.w.org\/{rel}","templated":true}]}}