{"id":3347,"date":"2021-02-21T21:35:15","date_gmt":"2021-02-21T20:35:15","guid":{"rendered":"https:\/\/rustymonde.com\/?page_id=3347"},"modified":"2023-12-20T18:27:31","modified_gmt":"2023-12-20T17:27:31","slug":"seminaires","status":"publish","type":"page","link":"https:\/\/rustymonde.com\/?page_id=3347&lang=fr","title":{"rendered":"S\u00e9minaires, formations"},"content":{"rendered":"<div class=\"wp-block-image\">\n<figure class=\"alignleft size-large is-resized\"><img fetchpriority=\"high\" fetchpriority=\"high\" decoding=\"async\" width=\"295\" height=\"248\" src=\"https:\/\/rustymonde.com\/wp-content\/uploads\/2021\/04\/seminare.png\" alt=\"\" class=\"wp-image-1970\" style=\"width:93px;height:78px\"\/><\/figure>\n<\/div>\n\n\n<p>Type 1 : S\u00e9minaires ou formations (stages) seulement \u00e0 l\u2019int\u00e9rieur de RM, c&#8217;est-\u00e0-dire, lorsqu&#8217;un tel s\u00e9minaire est demand\u00e9 \u00e0 RM sur des sujets li\u00e9s aux activit\u00e9s de RM et aux services mis \u00e0 disposition (sans coop\u00e9ration ou interaction avec d\u2018autres &#8222;influences ext\u00e9rieures&#8220;).<\/p>\n\n\n\n<p>Cela s&#8217;apparente \u00e0 des s\u00e9ances, des consultations et des dialogues, si la nature des sujets n\u2019est pas essentiellement individuelle. En m\u00eame temps, c&#8217;est l&#8217;occasion de cr\u00e9er un environnement propice \u00e0 un dialogue plus approfondi entre plusieurs personnes, ou de tirer parti des possibilit\u00e9s pratiques de coop\u00e9ration collective. Soit en raison de besoins individuels, soit parce que quelqu&#8217;un souhaite s&#8217;impliquer davantage dans les projets li\u00e9s \u00e0 RM. Comme la capacit\u00e9 et l&#8217;efficacit\u00e9 sont tr\u00e8s limit\u00e9es dans de nombreux domaines, si quelqu&#8217;un est pr\u00eat \u00e0 travailler au profit de notre environnement par le biais de RM, et donc \u00e0 \u00e9tendre la capacit\u00e9 et l&#8217;efficacit\u00e9 des services mis \u00e0 disposition, que ce soit sous la forme de services li\u00e9s aux s\u00e9ances ou \u00e0 tout autre domaine, il sera essentiel pour cette personne de suivre une forme de s\u00e9minaire et de formation pour une telle activit\u00e9.<\/p>\n\n\n\n<p><\/p>\n\n\n\n<p>NB :<\/p>\n\n\n\n<p>Cela d\u00e9pend toujours de l&#8217;int\u00e9r\u00eat sp\u00e9cifique d&#8217;un groupe particulier de personnes qui se montrent motiv\u00e9es et d\u00e9sireuses de participer \u00e0 ces formations ou s\u00e9minaires et qui manifestent un int\u00e9r\u00eat pour ces services. Ainsi, il n&#8217;est pas question que RM organise et &#8222;annonce&#8220; des s\u00e9minaires et que tout le monde puisse y participer, mais que cette mise \u00e0 disposition puisse avoir lieu sur la base d&#8217;une demande sp\u00e9cifique. De m\u00eame, le th\u00e8me choisi est bas\u00e9 sur l&#8217;int\u00e9r\u00eat et les besoins d&#8217;un groupe de personnes qui en fait la demande.<\/p>\n\n\n\n<p><\/p>\n\n\n\n<p>Type 2 : S\u00e9minaires ou formations (stages) d\u00e9passant la capacit\u00e9 de RM, c&#8217;est-\u00e0-dire dans les cas o\u00f9 RM demande un tel s\u00e9minaire en dehors de l&#8217;environnement RM (avec la pr\u00e9sence d'&#8220;experts&#8220; qui ne font pas partie de RM).<\/p>\n\n\n\n<p><br>Il s&#8217;agit de s\u00e9minaires, de formations ou de stages organis\u00e9s par RM, mais sur des sujets qui ne sont pas dans la comp\u00e9tences de RM lui-m\u00eame et qui servent \u00e0 l&#8217;enrichir. En d&#8217;autres termes, il s&#8217;agit de sujets qui requi\u00e8rent une certaine expertise, exp\u00e9rience ou connaissance que RM ne poss\u00e8de pas. Dans ce cas, RM prendra contact avec une personne int\u00e9ressante (&#8222;expert&#8220;) et organisera un s\u00e9minaire pour RM. Ces s\u00e9minaires sont ensuite annonc\u00e9s publiquement et tout le monde peut y assister sans avoir \u00e0 remplir de conditions de coop\u00e9ration. Il peut s&#8217;agir, par exemple, d&#8217;un s\u00e9minaire en pr\u00e9sence d&#8217;un forgeron exp\u00e9riment\u00e9, d&#8217;un apiculteur ou de tout autre expert dans les domaines o\u00f9 RM souhaite s&#8217;am\u00e9liorer. En principe, RM paiera ces services \u00e0 l&#8217;expert en question et les participants publics auront une entr\u00e9e &#8222;gratuite&#8220;, ou ils peuvent soutenir l&#8217;environnement RM avec un don de n&#8217;importe quelle forme conform\u00e9ment \u00e0 la <a href=\"https:\/\/rustymonde.com\/?page_id=5514&amp;lang=fr\" data-type=\"URL\" data-id=\"https:\/\/rustymonde.com\/fr\/prix-liste-des-tarifs\/\">&#8222;politique de prix&#8220;<\/a>. Cependant, nous laisserons toujours la d\u00e9cision sur une base volontaire.<\/p>\n\n\n\n<p>PS : La communication ou l&#8217;organisation entre les parties int\u00e9ress\u00e9es potentielles peut alors avoir lieu en utilisant certaines des plateformes offertes par les r\u00e9seaux sociaux, o\u00f9 RM peut \u00eatre actif.<\/p>\n","protected":false},"excerpt":{"rendered":"<p>Type 1 : S\u00e9minaires ou formations (stages) seulement \u00e0 l\u2019int\u00e9rieur de RM, c&#8217;est-\u00e0-dire, lorsqu&#8217;un tel s\u00e9minaire est demand\u00e9 \u00e0 RM sur des sujets li\u00e9s aux activit\u00e9s de RM et aux services mis \u00e0 disposition (sans coop\u00e9ration ou interaction avec d\u2018autres &#8222;influences ext\u00e9rieures&#8220;). Cela s&#8217;apparente \u00e0 des s\u00e9ances, des consultations et des dialogues, si la nature&hellip;&nbsp;<a href=\"https:\/\/rustymonde.com\/?page_id=3347&#038;lang=fr\" rel=\"bookmark\">\u010c\u00edst d\u00e1le &raquo;<span class=\"screen-reader-text\">S\u00e9minaires, formations<\/span><\/a><\/p>\n","protected":false},"author":1,"featured_media":0,"parent":0,"menu_order":48,"comment_status":"closed","ping_status":"closed","template":"","meta":{"_et_pb_use_builder":"","_et_pb_old_content":"","_et_gb_content_width":"","neve_meta_sidebar":"full-width","neve_meta_container":"","neve_meta_enable_content_width":"on","neve_meta_content_width":100,"neve_meta_title_alignment":"","neve_meta_author_avatar":"","neve_post_elements_order":"","neve_meta_disable_header":"","neve_meta_disable_footer":"","neve_meta_disable_title":"","pgc_sgb_lightbox_settings":"","footnotes":""},"class_list":["post-3347","page","type-page","status-publish","hentry"],"lang":"fr","translations":{"fr":3347,"cs":38},"pll_sync_post":[],"_links":{"self":[{"href":"https:\/\/rustymonde.com\/index.php?rest_route=\/wp\/v2\/pages\/3347","targetHints":{"allow":["GET"]}}],"collection":[{"href":"https:\/\/rustymonde.com\/index.php?rest_route=\/wp\/v2\/pages"}],"about":[{"href":"https:\/\/rustymonde.com\/index.php?rest_route=\/wp\/v2\/types\/page"}],"author":[{"embeddable":true,"href":"https:\/\/rustymonde.com\/index.php?rest_route=\/wp\/v2\/users\/1"}],"replies":[{"embeddable":true,"href":"https:\/\/rustymonde.com\/index.php?rest_route=%2Fwp%2Fv2%2Fcomments&post=3347"}],"version-history":[{"count":6,"href":"https:\/\/rustymonde.com\/index.php?rest_route=\/wp\/v2\/pages\/3347\/revisions"}],"predecessor-version":[{"id":6057,"href":"https:\/\/rustymonde.com\/index.php?rest_route=\/wp\/v2\/pages\/3347\/revisions\/6057"}],"wp:attachment":[{"href":"https:\/\/rustymonde.com\/index.php?rest_route=%2Fwp%2Fv2%2Fmedia&parent=3347"}],"curies":[{"name":"wp","href":"https:\/\/api.w.org\/{rel}","templated":true}]}}