{"id":3279,"date":"2021-02-21T21:34:53","date_gmt":"2021-02-21T20:34:53","guid":{"rendered":"https:\/\/rustymonde.com\/?page_id=3279"},"modified":"2021-12-26T09:47:19","modified_gmt":"2021-12-26T08:47:19","slug":"seances","status":"publish","type":"page","link":"https:\/\/rustymonde.com\/?page_id=3279&lang=fr","title":{"rendered":"S\u00e9ances"},"content":{"rendered":"\n<div class=\"wp-block-image\"><figure class=\"alignleft size-large is-resized\"><img decoding=\"async\" src=\"https:\/\/rustymonde.com\/wp-content\/uploads\/2021\/04\/seance-1.png\" alt=\"\" class=\"wp-image-1969\" width=\"47\" height=\"96\"\/><\/figure><\/div>\n\n\n\n<p>Ce domaine est \u00e0 la base le plus d\u00e9velopp\u00e9 de tous, mais jusqu&#8217;\u00e0 pr\u00e9sent je suis le seul \u00e0 mettre \u00e0 disposition de tels services au sein de RM. Mais je crois qu&#8217;il n&#8217;en sera pas toujours ainsi. Cependant, le principe a d\u00e9j\u00e0 \u00e9t\u00e9 abord\u00e9 plus haut, dans le chapitre &#8222;les chiens et les gens&#8220;, je ne m&#8217;\u00e9tendrai donc pas davantage sur un tel principe, mais me contenterai d&#8217;en \u00e9clairer la forme.<\/p>\n\n\n\n<div class=\"wp-block-image\"><figure class=\"alignright size-large is-resized\"><img fetchpriority=\"high\" fetchpriority=\"high\" decoding=\"async\" src=\"https:\/\/rustymonde.com\/wp-content\/uploads\/2021\/03\/5-11-1024x578.jpg\" alt=\"\" class=\"wp-image-1200\" width=\"385\" height=\"218\" srcset=\"https:\/\/rustymonde.com\/wp-content\/uploads\/2021\/03\/5-11-1024x578.jpg 1024w, https:\/\/rustymonde.com\/wp-content\/uploads\/2021\/03\/5-11-300x169.jpg 300w, https:\/\/rustymonde.com\/wp-content\/uploads\/2021\/03\/5-11-768x433.jpg 768w, https:\/\/rustymonde.com\/wp-content\/uploads\/2021\/03\/5-11-1536x866.jpg 1536w, https:\/\/rustymonde.com\/wp-content\/uploads\/2021\/03\/5-11.jpg 2000w\" sizes=\"(max-width: 385px) 100vw, 385px\" \/><\/figure><\/div>\n\n\n\n<p>Toute coop\u00e9ration sur les sujets pr\u00e9c\u00e9demment mentionn\u00e9s se fait par le biais de s\u00e9ances individuelles, de consultations ou de dialogue. Dans le cas d&#8217;une s\u00e9ance, cependant, cette coop\u00e9ration est li\u00e9e (si les conditions le permettent) \u00e0 un lieu sp\u00e9cifique, et donc \u00e0 un environnement, o\u00f9 se produit la disharmonie (dans le cas, par exemple, d&#8217;une relation non harmonieuse avec un chien, une telle s\u00e9ance a lieu au domicile des gens). Ce n&#8217;est pas une condition insurmontable, mais elle a son sens et sa justification. Dans le cas d&#8217;une consultation ou d&#8217;un dialogue, il est donc important que cela se face en personne si possible, mais l&#8217;alternative d&#8217;un appel t\u00e9l\u00e9phonique ou d&#8217;un appel vid\u00e9o (ou d&#8217;une correspondance \u00e9lectronique), par exemple, est \u00e9galement possible.<\/p>\n\n\n\n<p>Une s\u00e9ance est donc une collaboration sp\u00e9cifique sur un sujet pr\u00e9cis, qui comprend un travail sur le plan pratique. Une consultation est une collaboration dans laquelle le sujet est clairement identifi\u00e9, mais la partie pratique n&#8217;est pas essentielle au sujet (elle fait g\u00e9n\u00e9ralement suite \u00e0 une s\u00e9ance pr\u00e9c\u00e9dente, ou dans une situation qui ne permet pas, ou m\u00eame, ne propose pas de forme pratique). Un dialogue est alors mis en place si un sujet sp\u00e9cifique n&#8217;est pas choisi ou trouv\u00e9, ou si l&#8217;on n&#8217;est pas encore pr\u00eat pour une s\u00e9ance.<\/p>\n","protected":false},"excerpt":{"rendered":"<p>Ce domaine est \u00e0 la base le plus d\u00e9velopp\u00e9 de tous, mais jusqu&#8217;\u00e0 pr\u00e9sent je suis le seul \u00e0 mettre \u00e0 disposition de tels services au sein de RM. Mais je crois qu&#8217;il n&#8217;en sera pas toujours ainsi. Cependant, le principe a d\u00e9j\u00e0 \u00e9t\u00e9 abord\u00e9 plus haut, dans le chapitre &#8222;les chiens et les gens&#8220;,&hellip;&nbsp;<a href=\"https:\/\/rustymonde.com\/?page_id=3279&#038;lang=fr\" rel=\"bookmark\">\u010c\u00edst d\u00e1le &raquo;<span class=\"screen-reader-text\">S\u00e9ances<\/span><\/a><\/p>\n","protected":false},"author":2,"featured_media":0,"parent":0,"menu_order":50,"comment_status":"closed","ping_status":"closed","template":"","meta":{"_et_pb_use_builder":"","_et_pb_old_content":"","_et_gb_content_width":"","neve_meta_sidebar":"full-width","neve_meta_container":"","neve_meta_enable_content_width":"on","neve_meta_content_width":100,"neve_meta_title_alignment":"","neve_meta_author_avatar":"","neve_post_elements_order":"","neve_meta_disable_header":"","neve_meta_disable_footer":"","neve_meta_disable_title":"","pgc_sgb_lightbox_settings":"","footnotes":""},"class_list":["post-3279","page","type-page","status-publish","hentry"],"lang":"fr","translations":{"fr":3279,"cs":36},"pll_sync_post":[],"_links":{"self":[{"href":"https:\/\/rustymonde.com\/index.php?rest_route=\/wp\/v2\/pages\/3279","targetHints":{"allow":["GET"]}}],"collection":[{"href":"https:\/\/rustymonde.com\/index.php?rest_route=\/wp\/v2\/pages"}],"about":[{"href":"https:\/\/rustymonde.com\/index.php?rest_route=\/wp\/v2\/types\/page"}],"author":[{"embeddable":true,"href":"https:\/\/rustymonde.com\/index.php?rest_route=\/wp\/v2\/users\/2"}],"replies":[{"embeddable":true,"href":"https:\/\/rustymonde.com\/index.php?rest_route=%2Fwp%2Fv2%2Fcomments&post=3279"}],"version-history":[{"count":3,"href":"https:\/\/rustymonde.com\/index.php?rest_route=\/wp\/v2\/pages\/3279\/revisions"}],"predecessor-version":[{"id":3346,"href":"https:\/\/rustymonde.com\/index.php?rest_route=\/wp\/v2\/pages\/3279\/revisions\/3346"}],"wp:attachment":[{"href":"https:\/\/rustymonde.com\/index.php?rest_route=%2Fwp%2Fv2%2Fmedia&parent=3279"}],"curies":[{"name":"wp","href":"https:\/\/api.w.org\/{rel}","templated":true}]}}